{"id":7304,"date":"2024-09-17T16:06:42","date_gmt":"2024-09-17T14:06:42","guid":{"rendered":"https:\/\/convictus.pl\/biznes\/imprezy-firmowe\/"},"modified":"2025-05-05T23:15:08","modified_gmt":"2025-05-05T21:15:08","slug":"firmenfeiern","status":"publish","type":"page","link":"https:\/\/convictus.pl\/de\/business\/firmenfeiern\/","title":{"rendered":"Firmenfeiern"},"content":{"rendered":"\t\t<div data-elementor-type=\"wp-page\" data-elementor-id=\"7304\" class=\"elementor elementor-7304 elementor-5724\">\n\t\t\t\t\t\t<section class=\"elementor-section elementor-top-section elementor-element elementor-element-39a9355 elementor-section-full_width elementor-section-height-default elementor-section-height-default\" data-id=\"39a9355\" data-element_type=\"section\">\n\t\t\t\t\t\t<div class=\"elementor-container elementor-column-gap-no\">\n\t\t\t\t\t<div class=\"elementor-column elementor-col-100 elementor-top-column elementor-element elementor-element-93e3f7c\" data-id=\"93e3f7c\" data-element_type=\"column\">\n\t\t\t<div class=\"elementor-widget-wrap elementor-element-populated\">\n\t\t\t\t\t\t<div class=\"elementor-element elementor-element-960ecca elementor-align-left elementor-widget elementor-widget-pages-banner\" data-id=\"960ecca\" data-element_type=\"widget\" data-widget_type=\"pages-banner.default\">\n\t\t\t\t<div class=\"elementor-widget-container\">\n\t\t\t\r\n\t\t\t\t<div class=\"banner-header section-padding valign bg-img bg-fixed\" data-overlay-dark=\"4\" data-background=\"https:\/\/convictus.pl\/wp-content\/uploads\/imprezy-firmowe-slider-1.jpg\">\r\n\t\t\t\t\t<div class=\"container\">\r\n\t\t\t\t<div class=\"row\">\r\n\t\t\t\t\t<div class=\"col-md-12 caption mt-90\">\r\n\t\t\t\t\t\t\t\t\t\t\t\t\t\t\t\t\t\t<h1>Imprezy firmowe<\/h1>\r\n\t\t\t\t\t\t\t\t\t\t\t<\/div>\r\n\t\t\t\t<\/div>\r\n\t\t\t<\/div>\r\n\t\t<\/div>\r\n\r\n\t\t\t<\/div>\n\t\t\t\t<\/div>\n\t\t\t\t\t<\/div>\n\t\t<\/div>\n\t\t\t\t\t<\/div>\n\t\t<\/section>\n\t\t\t\t<section class=\"elementor-section elementor-top-section elementor-element elementor-element-9285c66 elementor-section-full_width elementor-section-height-default elementor-section-height-default\" data-id=\"9285c66\" data-element_type=\"section\">\n\t\t\t\t\t\t<div class=\"elementor-container elementor-column-gap-no\">\n\t\t\t\t\t<div class=\"elementor-column elementor-col-100 elementor-top-column elementor-element elementor-element-9cb4cb0\" data-id=\"9cb4cb0\" data-element_type=\"column\">\n\t\t\t<div class=\"elementor-widget-wrap elementor-element-populated\">\n\t\t\t\t\t\t<div class=\"elementor-element elementor-element-40f94de elementor-align-left elementor-widget elementor-widget-home-services-2\" data-id=\"40f94de\" data-element_type=\"widget\" data-widget_type=\"home-services-2.default\">\n\t\t\t\t<div class=\"elementor-widget-container\">\n\t\t\t\r\n\t\t<section class=\"services section-padding\">\r\n\t\t\t<div class=\"container\">\r\n\t\t\t\t\t\t\t\t\t\t\t\t\t\t\t<div class=\"row\">\r\n\t\t\t\t\t\t\t<div class=\"col-md-6 p-0 animate-box\" data-animate-effect=\"fadeInLeft\">\r\n\t\t\t\t\t\t\t\t\t\t\t\t\t\t\t\t\t<div class=\"img left\">\r\n\t\t\t\t\t\t\t\t\t\t<a href=\"\"><img decoding=\"async\" src=\"https:\/\/convictus.pl\/wp-content\/uploads\/imprezy-firmowe-spotkania-firmowe.jpg\" alt=\"\"><\/a>\r\n\t\t\t\t\t\t\t\t\t<\/div>\r\n\t\t\t\t\t\t\t\t\t\t\t\t\t\t\t<\/div>\r\n\t\t\t\t\t\t\t\t\t\t\t\t\t\t<div class=\"col-md-6 p-0 bg-cream valign animate-box\" data-animate-effect=\"fadeInRight\">\r\n\t\t\t\t\t\t\t\t \r\n\t\t\t\t\t\t\t\t<div class=\"content\">\r\n\t\t\t\t\t\t\t\t\t<div class=\"cont text-left\">\r\n\t\t\t\t\t\t\t\t\t\t\t\t\t\t\t\t\t\t\t\t\t\t\t\t\t\t\t\t\t\t\t<h4>Spotkania firmowe<\/h4>\r\n\t\t\t\t\t\t\t\t\t\t\t\t\t\t\t\t\t\t\t\t\t\t\t\t\t\t\t\t\t\t\t<p><strong>Hotel Convictus<\/strong> oferuje kompleksowe rozwi\u0105zania dla firm, kt\u00f3re planuj\u0105 r\u00f3\u017cnego rodzaju eventy \u2013 od bankiet\u00f3w po mniej formalne spotkania integracyjne. Posiadamy przestrze\u0144, kt\u00f3ra pozwala na organizacj\u0119 zar\u00f3wno du\u017cych, jak i kameralnych wydarze\u0144, a nasza restauracja zadba o wy\u015bmienite menu dopasowane do charakteru imprezy. Dzi\u0119ki naszemu do\u015bwiadczeniu w organizacji firmowych wydarze\u0144, ka\u017cdy szczeg\u00f3\u0142 zostanie perfekcyjnie dopracowany, a zesp\u00f3\u0142 na miejscu zadba o to, aby wszystko przebiega\u0142o zgodnie z planem.<\/p>\r\n\t\t\t\t\t\t\t\t\t\t\t\t\t\t\t\t\t\t\t\t\t\t\t\t\t\t\t\t\t<\/div>\r\n\t\t\t\t\t\t\t\t<\/div>\r\n\t\t\t\t\t\t\t<\/div>\r\n\t\t\t\t\t\t<\/div>\r\n\t\t\t\t\t\t\t\t\t\t\t\t\t\t\t\t\t\t\t\t\t\t\t<div class=\"row\">\r\n\t\t\t\t\t\t\t\t\t\t\t\t\t\t\t\t<div class=\"col-md-6 bg-cream p-0 order2 valign animate-box\" data-animate-effect=\"fadeInLeft\">\r\n\t\t\t\t\t\t\t\t\t \r\n\t\t\t\t\t\t\t\t\t<div class=\"content\">\r\n\t\t\t\t\t\t\t\t\t\t<div class=\"cont text-left\">\r\n\t\t\t\t\t\t\t\t\t\t\t\t\t\t\t\t\t\t\t\t\t\t\t\t\t\t\t\t\t\t\t\t\t\t<h4>Konferencje i szkolenia<\/h4>\r\n\t\t\t\t\t\t\t\t\t\t\t\t\t\t\t\t\t\t\t\t\t\t\t\t\t\t\t\t\t\t\t\t\t\t<p>Ka\u017cda sala jest przygotowana do obs\u0142ugi szkole\u0144, konferencji, warsztat\u00f3w czy prezentacji, a nasz zesp\u00f3\u0142 zapewnia pe\u0142ne wsparcie techniczne i organizacyjne na ka\u017cdym etapie. Mo\u017cliwo\u015b\u0107 elastycznego dostosowania przestrzeni do charakteru wydarzenia, nowoczesne wyposa\u017cenie oraz dost\u0119p do przerw kawowych i posi\u0142k\u00f3w w naszej restauracji sprawiaj\u0105, \u017ce organizacja spotka\u0144 biznesowych u nas jest wyj\u0105tkowo wygodna.<\/p>\r\n\t\t\t\t\t\t\t\t\t\t\t\t\t\t\t\t\t\t\t\t\t\t\t\t\t\t\t\t\t\t\t\t\t\t<div class=\"butn-dark\"> <a href=\"\/biznes\/sale-konferencyjne\/\"><span>Sale konferencyjne<\/span><\/a> <\/div>\r\n\t\t\t\t\t\t\t\t\t\t\t\t\t\t\t\t\t\t\t\t\t<\/div>\r\n\t\t\t\t\t\t\t\t\t<\/div>\r\n\t\t\t\t\t\t\t\t<\/div>\r\n\t\t\t\t\t\t\t\t<div class=\"col-md-6 p-0 order1 animate-box\" data-animate-effect=\"fadeInRight\">\r\n\t\t\t\t\t\t\t\t\t\t\t\t\t\t\t\t\t\t\t<div class=\"img\">\r\n\t\t\t\t\t\t\t\t\t\t\t<a href=\"\/biznes\/sale-konferencyjne\/\"><img decoding=\"async\" src=\"https:\/\/convictus.pl\/wp-content\/uploads\/imprezy-firmowe-konferencje.jpg\" alt=\"\"><\/a>\r\n\t\t\t\t\t\t\t\t\t\t<\/div>\r\n\t\t\t\t\t\t\t\t\t\t\t\t\t\t\t\t\t<\/div>\r\n\t\t\t\t\t\t\t<\/div>\r\n\t\t\t\t\t\t\t\t\t\t\t\t\t\t\t\t\t\t\t\t\t\t<div class=\"row\">\r\n\t\t\t\t\t\t\t<div class=\"col-md-6 p-0 animate-box\" data-animate-effect=\"fadeInLeft\">\r\n\t\t\t\t\t\t\t\t\t\t\t\t\t\t\t\t\t<div class=\"img left\">\r\n\t\t\t\t\t\t\t\t\t\t<a href=\"\/pokoje\/\"><img decoding=\"async\" src=\"https:\/\/convictus.pl\/wp-content\/uploads\/imprezy-firmowe-noclegi.jpg\" alt=\"\"><\/a>\r\n\t\t\t\t\t\t\t\t\t<\/div>\r\n\t\t\t\t\t\t\t\t\t\t\t\t\t\t\t<\/div>\r\n\t\t\t\t\t\t\t\t\t\t\t\t\t\t<div class=\"col-md-6 p-0 bg-cream valign animate-box\" data-animate-effect=\"fadeInRight\">\r\n\t\t\t\t\t\t\t\t \r\n\t\t\t\t\t\t\t\t<div class=\"content\">\r\n\t\t\t\t\t\t\t\t\t<div class=\"cont text-left\">\r\n\t\t\t\t\t\t\t\t\t\t\t\t\t\t\t\t\t\t\t\t\t\t\t\t\t\t\t\t\t\t\t<h4>Nocleg<\/h4>\r\n\t\t\t\t\t\t\t\t\t\t\t\t\t\t\t\t\t\t\t\t\t\t\t\t\t\t\t\t\t\t\t<p>Hotel Convictus Cracovia oferuje 220 komfortowych pokoi, kt\u00f3re s\u0105 doskona\u0142ym zapleczem dla uczestnik\u00f3w konferencji, szkole\u0144 i firmowych event\u00f3w. Po intensywnym dniu Go\u015bcie mog\u0105 odpocz\u0105\u0107 w wygodnych pokojach z miejscem do pracy, a tak\u017ce skorzysta\u0107 z naszej restauracji lub chill baru, gdzie mo\u017cna zrelaksowa\u0107 si\u0119 po ca\u0142ym dniu. Opr\u00f3cz profesjonalnej przestrzeni do organizacji wydarze\u0144, zapewniamy komfortowy wypoczynek i regeneracj\u0119, tworz\u0105c sp\u00f3jne i kompleksowe rozwi\u0105zanie dla firmowych wydarze\u0144.<\/p>\r\n\t\t\t\t\t\t\t\t\t\t\t\t\t\t\t\t\t\t\t\t\t\t\t\t\t\t\t\t\t\t\t<div class=\"butn-dark\"> <a href=\"\/pokoje\/\"><span>Zarezerwuj nocleg<\/span><\/a> <\/div>\r\n\t\t\t\t\t\t\t\t\t\t\t\t\t\t\t\t\t\t\t<\/div>\r\n\t\t\t\t\t\t\t\t<\/div>\r\n\t\t\t\t\t\t\t<\/div>\r\n\t\t\t\t\t\t<\/div>\r\n\t\t\t\t\t\t\t\t\t\t\t\t\t\t\t\t\t\t\t\t\t\t\t<div class=\"row\">\r\n\t\t\t\t\t\t\t\t\t\t\t\t\t\t\t\t<div class=\"col-md-6 bg-cream p-0 order2 valign animate-box\" data-animate-effect=\"fadeInLeft\">\r\n\t\t\t\t\t\t\t\t\t \r\n\t\t\t\t\t\t\t\t\t<div class=\"content\">\r\n\t\t\t\t\t\t\t\t\t\t<div class=\"cont text-left\">\r\n\t\t\t\t\t\t\t\t\t\t\t\t\t\t\t\t\t\t\t\t\t\t\t\t\t\t\t\t\t\t\t\t\t\t<h4>Kontakt<\/h4>\r\n\t\t\t\t\t\t\t\t\t\t\t\t\t\t\t\t\t\t\t\t\t\t\t\t\t\t\t\t\t\t\t\t\t\t<p>Zach\u0119camy do kontaktu, aby pozna\u0107 pe\u0142ne mo\u017cliwo\u015bci organizacji wydarze\u0144 w Hotelu Convictus. Ch\u0119tnie przedstawimy szczeg\u00f3\u0142y i pomo\u017cemy dobra\u0107 najlepsze rozwi\u0105zania, dostosowane do charakteru Waszego spotkania.<\/p>\r\n\t\t\t\t\t\t\t\t\t\t\t\t\t\t\t\t\t\t\t\t\t\t\t\t\t\t\t\t\t\t\t\t\t\t<div class=\"butn-dark\"> <a href=\"mailto:sales@convicus.pl\"><span>Napisz do nas<\/span><\/a> <\/div>\r\n\t\t\t\t\t\t\t\t\t\t\t\t\t\t\t\t\t\t\t\t\t<\/div>\r\n\t\t\t\t\t\t\t\t\t<\/div>\r\n\t\t\t\t\t\t\t\t<\/div>\r\n\t\t\t\t\t\t\t\t<div class=\"col-md-6 p-0 order1 animate-box\" data-animate-effect=\"fadeInRight\">\r\n\t\t\t\t\t\t\t\t\t\t\t\t\t\t\t\t\t\t\t<div class=\"img\">\r\n\t\t\t\t\t\t\t\t\t\t\t<a href=\"mailto:sales@convicus.pl\"><img decoding=\"async\" src=\"https:\/\/convictus.pl\/wp-content\/uploads\/imprezy-firmowe-kontakt.jpg\" alt=\"\"><\/a>\r\n\t\t\t\t\t\t\t\t\t\t<\/div>\r\n\t\t\t\t\t\t\t\t\t\t\t\t\t\t\t\t\t<\/div>\r\n\t\t\t\t\t\t\t<\/div>\r\n\t\t\t\t\t\t\t\t\t\t\t\t\t\t\t<\/div>\r\n\t\t\t<\/section>\r\n\r\n\r\n\t\t\t<\/div>\n\t\t\t\t<\/div>\n\t\t\t\t\t<\/div>\n\t\t<\/div>\n\t\t\t\t\t<\/div>\n\t\t<\/section>\n\t\t\t\t<\/div>\n\t\t","protected":false},"excerpt":{"rendered":"<p>Imprezy firmowe Spotkania firmowe Hotel Convictus oferuje kompleksowe rozwi\u0105zania dla firm, kt\u00f3re planuj\u0105 r\u00f3\u017cnego rodzaju eventy \u2013 od bankiet\u00f3w po mniej formalne spotkania integracyjne. Posiadamy przestrze\u0144, kt\u00f3ra pozwala na organizacj\u0119 zar\u00f3wno du\u017cych, jak i kameralnych wydarze\u0144, a nasza restauracja zadba o wy\u015bmienite menu dopasowane do charakteru imprezy. Dzi\u0119ki naszemu do\u015bwiadczeniu w organizacji firmowych wydarze\u0144, ka\u017cdy [&hellip;]<\/p>\n","protected":false},"author":1,"featured_media":0,"parent":7302,"menu_order":5,"comment_status":"closed","ping_status":"closed","template":"page-templates\/home.php","meta":{"inline_featured_image":false,"footnotes":"","_links_to":"","_links_to_target":""},"class_list":["post-7304","page","type-page","status-publish","hentry"],"_links":{"self":[{"href":"https:\/\/convictus.pl\/de\/wp-json\/wp\/v2\/pages\/7304","targetHints":{"allow":["GET"]}}],"collection":[{"href":"https:\/\/convictus.pl\/de\/wp-json\/wp\/v2\/pages"}],"about":[{"href":"https:\/\/convictus.pl\/de\/wp-json\/wp\/v2\/types\/page"}],"author":[{"embeddable":true,"href":"https:\/\/convictus.pl\/de\/wp-json\/wp\/v2\/users\/1"}],"replies":[{"embeddable":true,"href":"https:\/\/convictus.pl\/de\/wp-json\/wp\/v2\/comments?post=7304"}],"version-history":[{"count":2,"href":"https:\/\/convictus.pl\/de\/wp-json\/wp\/v2\/pages\/7304\/revisions"}],"predecessor-version":[{"id":7310,"href":"https:\/\/convictus.pl\/de\/wp-json\/wp\/v2\/pages\/7304\/revisions\/7310"}],"up":[{"embeddable":true,"href":"https:\/\/convictus.pl\/de\/wp-json\/wp\/v2\/pages\/7302"}],"wp:attachment":[{"href":"https:\/\/convictus.pl\/de\/wp-json\/wp\/v2\/media?parent=7304"}],"curies":[{"name":"wp","href":"https:\/\/api.w.org\/{rel}","templated":true}]}}