{"id":7282,"date":"2024-10-04T22:35:48","date_gmt":"2024-10-04T20:35:48","guid":{"rendered":"https:\/\/convictus.pl\/restaurant\/sniadania\/"},"modified":"2025-05-05T23:10:40","modified_gmt":"2025-05-05T21:10:40","slug":"fruhstuck","status":"publish","type":"page","link":"https:\/\/convictus.pl\/de\/restaurant\/fruhstuck\/","title":{"rendered":"Fr\u00fchst\u00fcck"},"content":{"rendered":"\t\t<div data-elementor-type=\"wp-page\" data-elementor-id=\"7282\" class=\"elementor elementor-7282 elementor-6087\">\n\t\t\t\t\t\t<section class=\"elementor-section elementor-top-section elementor-element elementor-element-199bde5 elementor-section-full_width elementor-section-height-default elementor-section-height-default\" data-id=\"199bde5\" data-element_type=\"section\">\n\t\t\t\t\t\t<div class=\"elementor-container elementor-column-gap-no\">\n\t\t\t\t\t<div class=\"elementor-column elementor-col-100 elementor-top-column elementor-element elementor-element-a9b8ebf\" data-id=\"a9b8ebf\" data-element_type=\"column\">\n\t\t\t<div class=\"elementor-widget-wrap elementor-element-populated\">\n\t\t\t\t\t\t<div class=\"elementor-element elementor-element-6e22834 elementor-align-left elementor-widget elementor-widget-pages-restaurant-banner\" data-id=\"6e22834\" data-element_type=\"widget\" data-widget_type=\"pages-restaurant-banner.default\">\n\t\t\t\t<div class=\"elementor-widget-container\">\n\t\t\t\r\n\t\t<header class=\"header slider\">\r\n\t\t\t<div class=\"owl-carousel owl-theme\">\r\n\t\t\t\t<!-- The opacity on the image is made with \"data-overlay-dark=\"number\". You can change it using the numbers 0-9. -->\r\n\t\t\t\t\t\t\t\t\t\t\t\t\t\t\t<div class=\"text-center item bg-img\" data-overlay-dark=\"3\" data-background=\"https:\/\/convictus.pl\/wp-content\/uploads\/DSC_3072-scaled.jpg\"><\/div>\r\n\t\t\t\t\t\t\t\t\t\t\t\t\t\t\t\t\t\t\t\t<div class=\"text-center item bg-img\" data-overlay-dark=\"3\" data-background=\"https:\/\/convictus.pl\/wp-content\/uploads\/sniadanie-4.jpg\"><\/div>\r\n\t\t\t\t\t\t\t\t\t\t\t\t\t\t\t\t\t\t\t\t<div class=\"text-center item bg-img\" data-overlay-dark=\"3\" data-background=\"https:\/\/convictus.pl\/wp-content\/uploads\/sniadanie-2-1.jpg\"><\/div>\r\n\t\t\t\t\t\t\t\t\t\t\t\t<\/div>\r\n\t\t\t<!-- arrow down -->\r\n\t\t\t<div class=\"arrow bounce text-center\">\r\n\t\t\t\t<a href=\"#\" data-scroll-nav=\"1\" class=\"\"> <i class=\"ti-arrow-down\"><\/i> <\/a>\r\n\t\t\t<\/div>\r\n\t\t<\/header>\r\n\r\n\t\t\r\n\t\t\t<\/div>\n\t\t\t\t<\/div>\n\t\t\t\t\t<\/div>\n\t\t<\/div>\n\t\t\t\t\t<\/div>\n\t\t<\/section>\n\t\t\t\t<section class=\"elementor-section elementor-top-section elementor-element elementor-element-59fcd3d elementor-section-full_width elementor-section-height-default elementor-section-height-default\" data-id=\"59fcd3d\" data-element_type=\"section\">\n\t\t\t\t\t\t<div class=\"elementor-container elementor-column-gap-no\">\n\t\t\t\t\t<div class=\"elementor-column elementor-col-100 elementor-top-column elementor-element elementor-element-b11f9f9\" data-id=\"b11f9f9\" data-element_type=\"column\">\n\t\t\t<div class=\"elementor-widget-wrap elementor-element-populated\">\n\t\t\t\t\t\t<div class=\"elementor-element elementor-element-f107dc3 elementor-align-left elementor-widget elementor-widget-home-about\" data-id=\"f107dc3\" data-element_type=\"widget\" data-widget_type=\"home-about.default\">\n\t\t\t\t<div class=\"elementor-widget-container\">\n\t\t\t\n\t\t<section class=\"about section-padding\">\n\t\t\t<div class=\"container\">\n\t\t\t\t<div class=\"row\">\n\t\t\t\t\t<div class=\"col-md-6 mb-30 animate-box\" data-animate-effect=\"fadeInUp\">\n\t\t\t\t\t\t\t\t\t\t\t\t\t\t\t\t\t\t\t\t\t\t\t\t<div class=\"section-title\"><h1>\u015aniadania<\/h1><\/div>\n\t\t\t\t\t\t\t\t\t\t\t\t\t\t\t\t\t\t\u015aniadanie to prawdziwy rytua\u0142 w naszym hotelu i jedna z tych rzeczy, na kt\u00f3r\u0105 Go\u015bcie czekaj\u0105 z niecierpliwo\u015bci\u0105. W ko\u0144cu, kto nie lubi rozpocz\u0105\u0107 dnia od bogatego bufetu z r\u00f3\u017cnorodnym wyborem da\u0144? Wiemy, jak wa\u017cne s\u0105 hotelowe \u015bniadania \u2013 zaskakuj\u0105, sprawiaj\u0105 przyjemno\u015b\u0107 i nadaj\u0105 porankom wyj\u0105tkowy smak. Dlatego dok\u0142adamy wszelkich stara\u0144, aby nasze \u015bniadania by\u0142y nie tylko smaczne, ale tak\u017ce r\u00f3\u017cnorodne, pe\u0142ne \u015bwie\u017cych i zaskakuj\u0105cych propozycji.\t\t\t\t\t\t\t\t\t\t\t\t<!-- call -->\n\t\t\t\t\t\t\t\t\t\t\t<\/div>\n\t\t\t\t\t\t\t\t\t\t<div class=\"col col-md-3 animate-box\" data-animate-effect=\"fadeInUp\">\n\t\t\t\t\t\t<img decoding=\"async\" src=\"https:\/\/convictus.pl\/wp-content\/uploads\/sniadanie-1.jpg\" alt=\"\" class=\"mt-90 mb-30\">\n\t\t\t\t\t<\/div>\n\t\t\t\t\t\t\t\t\t\t\t\t\t\t\t<div class=\"col col-md-3 animate-box\" data-animate-effect=\"fadeInUp\">\n\t\t\t\t\t\t<img decoding=\"async\" src=\"https:\/\/convictus.pl\/wp-content\/uploads\/sniadanie-2.jpg\" alt=\"\">\n\t\t\t\t\t<\/div>\n\t\t\t\t\t\t\t\t\t<\/div>\n\t\t\t<\/div>\n\t\t<\/section>\n\n\t\t\t<\/div>\n\t\t\t\t<\/div>\n\t\t\t\t\t<\/div>\n\t\t<\/div>\n\t\t\t\t\t<\/div>\n\t\t<\/section>\n\t\t\t\t<section class=\"elementor-section elementor-top-section elementor-element elementor-element-2f46e23 elementor-section-full_width bg-cream elementor-section-height-default elementor-section-height-default\" data-id=\"2f46e23\" data-element_type=\"section\">\n\t\t\t\t\t\t<div class=\"elementor-container elementor-column-gap-no\">\n\t\t\t\t\t<div class=\"elementor-column elementor-col-100 elementor-top-column elementor-element elementor-element-96284ae\" data-id=\"96284ae\" data-element_type=\"column\">\n\t\t\t<div class=\"elementor-widget-wrap elementor-element-populated\">\n\t\t\t\t\t\t<div class=\"elementor-element elementor-element-358ca31 elementor-align-left elementor-widget elementor-widget-home-services\" data-id=\"358ca31\" data-element_type=\"widget\" data-widget_type=\"home-services.default\">\n\t\t\t\t<div class=\"elementor-widget-container\">\n\t\t\t\r\n\t\t<section class=\"facilties section-padding\">\r\n\t\t\t<div class=\"container\">\r\n\t\t\t\t<div class=\"row\">\r\n\t\t\t\t\t<div class=\"col-md-12\">\r\n\t\t\t\t\t\t\t\t\t\t\t\t\t\t\t\t\t\t\t<div class=\"section-title\">Wyr\u00f3\u017cniki<\/div>\r\n\t\t\t\t\t\t\t\t\t\t\t<\/div>\r\n\t\t\t\t<\/div>\r\n\t\t\t\t<div class=\"row\">\r\n\t\t\t\t\t\t\t\t\t\t\t<div class=\"col-md-4\">\r\n\t\t\t\t\t\t\t<div class=\"single-facility animate-box\" data-animate-effect=\"fadeInUp\">\r\n\t\t\t\t\t\t\t\t\t\t\t\t\t\t\t\t\t<span class=\"fa-solid fa-burn\"><\/span>\r\n\t\t\t\t\t\t\t\t\t\t\t\t\t\t\t\t\t\t\t\t\t\t\t\t\t<h5>Dania ciep\u0142e<\/h5>\r\n\t\t\t\t\t\t\t\t\t\t\t\t\t\t\t\t\t\t\t\t\t\t\t\t\t<p>Z tak bogatym wyborem ciep\u0142ych da\u0144, ka\u017cdy poranek staje si\u0119 przyjemny i syc\u0105cy.<\/p>\r\n\t\t\t\t\t\t\t\t\t\t\t\t\t\t\t\t\t\t\t\t\t\t\t\t\t<div class=\"facility-shape\">\r\n\t\t\t\t\t\t\t\t\t\t<span class=\"fa-solid fa-burn\"><\/span> \r\n\t\t\t\t\t\t\t\t\t<\/div>\r\n\t\t\t\t\t\t\t\t\t\t\t\t\t\t\t<\/div>\r\n\t\t\t\t\t\t<\/div>\r\n\t\t\t\t\t\t\t\t\t\t\t<div class=\"col-md-4\">\r\n\t\t\t\t\t\t\t<div class=\"single-facility animate-box\" data-animate-effect=\"fadeInUp\">\r\n\t\t\t\t\t\t\t\t\t\t\t\t\t\t\t\t\t<span class=\"fas fa-fish\"><\/span>\r\n\t\t\t\t\t\t\t\t\t\t\t\t\t\t\t\t\t\t\t\t\t\t\t\t\t<h5>Dania zimne<\/h5>\r\n\t\t\t\t\t\t\t\t\t\t\t\t\t\t\t\t\t\t\t\t\t\t\t\t\t<p>Selekcja w\u0119dlin i ser\u00f3w, past do kanapek, sa\u0142atek i ryb - skomponuj swoje ulubione \u015bniadanie pe\u0142ne smak\u00f3w.<\/p>\r\n\t\t\t\t\t\t\t\t\t\t\t\t\t\t\t\t\t\t\t\t\t\t\t\t\t<div class=\"facility-shape\">\r\n\t\t\t\t\t\t\t\t\t\t<span class=\"fas fa-fish\"><\/span> \r\n\t\t\t\t\t\t\t\t\t<\/div>\r\n\t\t\t\t\t\t\t\t\t\t\t\t\t\t\t<\/div>\r\n\t\t\t\t\t\t<\/div>\r\n\t\t\t\t\t\t\t\t\t\t\t<div class=\"col-md-4\">\r\n\t\t\t\t\t\t\t<div class=\"single-facility animate-box\" data-animate-effect=\"fadeInUp\">\r\n\t\t\t\t\t\t\t\t\t\t\t\t\t\t\t\t\t<span class=\"fas fa-cookie-bite\"><\/span>\r\n\t\t\t\t\t\t\t\t\t\t\t\t\t\t\t\t\t\t\t\t\t\t\t\t\t<h5>Dania na s\u0142odko<\/h5>\r\n\t\t\t\t\t\t\t\t\t\t\t\t\t\t\t\t\t\t\t\t\t\t\t\t\t<p>U nas mi\u0142o\u015bnik\u00f3w \u015bniada\u0144 na s\u0142odko nie spotka rozczarowanie - mamy dla Was propozycje na ciep\u0142o i zimno.<\/p>\r\n\t\t\t\t\t\t\t\t\t\t\t\t\t\t\t\t\t\t\t\t\t\t\t\t\t<div class=\"facility-shape\">\r\n\t\t\t\t\t\t\t\t\t\t<span class=\"fas fa-cookie-bite\"><\/span> \r\n\t\t\t\t\t\t\t\t\t<\/div>\r\n\t\t\t\t\t\t\t\t\t\t\t\t\t\t\t<\/div>\r\n\t\t\t\t\t\t<\/div>\r\n\t\t\t\t\t\t\t\t\t\t\t<div class=\"col-md-4\">\r\n\t\t\t\t\t\t\t<div class=\"single-facility animate-box\" data-animate-effect=\"fadeInUp\">\r\n\t\t\t\t\t\t\t\t\t\t\t\t\t\t\t\t\t<span class=\"fas fa-bread-slice\"><\/span>\r\n\t\t\t\t\t\t\t\t\t\t\t\t\t\t\t\t\t\t\t\t\t\t\t\t\t<h5>\u015awie\u017ce wypieki<\/h5>\r\n\t\t\t\t\t\t\t\t\t\t\t\t\t\t\t\t\t\t\t\t\t\t\t\t\t<p>Codziennie rano wypiekamy nasze pieczywo, \u017ceby by\u0142o \u015bwie\u017ce i pachnia\u0142o nim od wej\u015bcia!<\/p>\r\n\t\t\t\t\t\t\t\t\t\t\t\t\t\t\t\t\t\t\t\t\t\t\t\t\t<div class=\"facility-shape\">\r\n\t\t\t\t\t\t\t\t\t\t<span class=\"fas fa-bread-slice\"><\/span> \r\n\t\t\t\t\t\t\t\t\t<\/div>\r\n\t\t\t\t\t\t\t\t\t\t\t\t\t\t\t<\/div>\r\n\t\t\t\t\t\t<\/div>\r\n\t\t\t\t\t\t\t\t\t\t\t<div class=\"col-md-4\">\r\n\t\t\t\t\t\t\t<div class=\"single-facility animate-box\" data-animate-effect=\"fadeInUp\">\r\n\t\t\t\t\t\t\t\t\t\t\t\t\t\t\t\t\t<span class=\"fa-solid fa-apple-alt\"><\/span>\r\n\t\t\t\t\t\t\t\t\t\t\t\t\t\t\t\t\t\t\t\t\t\t\t\t\t<h5>Zdrowy start<\/h5>\r\n\t\t\t\t\t\t\t\t\t\t\t\t\t\t\t\t\t\t\t\t\t\t\t\t\t<p>Muesli, granola, orzechy, warzywa i owoce - wszystko czego potrzebujesz, \u017ceby zdrowo zacz\u0105\u0107 dzie\u0144.<\/p>\r\n\t\t\t\t\t\t\t\t\t\t\t\t\t\t\t\t\t\t\t\t\t\t\t\t\t<div class=\"facility-shape\">\r\n\t\t\t\t\t\t\t\t\t\t<span class=\"fa-solid fa-apple-alt\"><\/span> \r\n\t\t\t\t\t\t\t\t\t<\/div>\r\n\t\t\t\t\t\t\t\t\t\t\t\t\t\t\t<\/div>\r\n\t\t\t\t\t\t<\/div>\r\n\t\t\t\t\t\t\t\t\t\t\t<div class=\"col-md-4\">\r\n\t\t\t\t\t\t\t<div class=\"single-facility animate-box\" data-animate-effect=\"fadeInUp\">\r\n\t\t\t\t\t\t\t\t\t\t\t\t\t\t\t\t\t<span class=\"fa-solid fa-seedling\"><\/span>\r\n\t\t\t\t\t\t\t\t\t\t\t\t\t\t\t\t\t\t\t\t\t\t\t\t\t<h5>Opcje dietetyczne<\/h5>\r\n\t\t\t\t\t\t\t\t\t\t\t\t\t\t\t\t\t\t\t\t\t\t\t\t\t<p>Dbamy o ka\u017cdego Go\u015bcia, dlatego oferujemy dania dla wegan, wegetarian, opcji bez laktozy oraz bezglutenowe pieczywo na \u017cyczenie.<\/p>\r\n\t\t\t\t\t\t\t\t\t\t\t\t\t\t\t\t\t\t\t\t\t\t\t\t\t<div class=\"facility-shape\">\r\n\t\t\t\t\t\t\t\t\t\t<span class=\"fa-solid fa-seedling\"><\/span> \r\n\t\t\t\t\t\t\t\t\t<\/div>\r\n\t\t\t\t\t\t\t\t\t\t\t\t\t\t\t<\/div>\r\n\t\t\t\t\t\t<\/div>\r\n\t\t\t\t\t\t\t\t\t<\/div>\r\n\t\t\t<\/div>\r\n\t\t<\/section>\r\n\r\n\t\t\t<\/div>\n\t\t\t\t<\/div>\n\t\t\t\t\t<\/div>\n\t\t<\/div>\n\t\t\t\t\t<\/div>\n\t\t<\/section>\n\t\t\t\t<section class=\"elementor-section elementor-top-section elementor-element elementor-element-28055e9 elementor-section-full_width elementor-section-height-default elementor-section-height-default\" data-id=\"28055e9\" data-element_type=\"section\">\n\t\t\t\t\t\t<div class=\"elementor-container elementor-column-gap-no\">\n\t\t\t\t\t<div class=\"elementor-column elementor-col-100 elementor-top-column elementor-element elementor-element-c35249a\" data-id=\"c35249a\" data-element_type=\"column\">\n\t\t\t<div class=\"elementor-widget-wrap elementor-element-populated\">\n\t\t\t\t\t\t<div class=\"elementor-element elementor-element-248deb9 elementor-align-left elementor-widget elementor-widget-home-testimonials-2\" data-id=\"248deb9\" data-element_type=\"widget\" data-widget_type=\"home-testimonials-2.default\">\n\t\t\t\t<div class=\"elementor-widget-container\">\n\t\t\t\n\t\t<section class=\"testimonials\">\n\t\t\t\t\t\t<div class=\"background bg-img bg-fixed section-padding pb-0\" data-background=\"https:\/\/convictus.pl\/wp-content\/uploads\/DSC06348-scaled.jpg\" data-overlay-dark=\"2\">\n\t\t\t\t\t\t\t<div class=\"container\">\n\t\t\t\t\t<div class=\"row\">\n\t\t\t\t\t\t<!-- Reservation -->\n\t\t\t\t\t\t<div class=\"col-md-5 mb-30 mt-30\">\n\t\t\t\t\t\t\t\t\t\t\t\t\t\t<p>\t\t\t\t\t\t\t\t<i class=\"star-rating\"><\/i>\n\t\t\t\t\t\t\t\t<i class=\"star-rating\"><\/i>\n\t\t\t\t\t\t\t\t<i class=\"star-rating\"><\/i>\n\t\t\t\t\t\t\t\t<i class=\"star-rating\"><\/i>\n\t\t\t\t\t\t\t\t<i class=\"star-rating\"><\/i>\n\t\t\t\t\t\t\t\t<\/p>\n\t\t\t\t\t\t\t\t\t\t\t\t\t\t\t\t\t\t\t\t\t<h5><p class=\"mb-30\">Zapraszamy na \u015bniadania codziennie <strong>od 7:00 do 10:30<\/strong>, a w weekendy <strong>do 11:00<\/strong>. Nasze \u015bniadania s\u0105 dost\u0119pne nie tylko dla Go\u015bci hotelowych, ale tak\u017ce dla s\u0105siad\u00f3w i wszystkich, kt\u00f3rzy chc\u0105 rozpocz\u0105\u0107 dzie\u0144 po kr\u00f3lewsku. To podr\u00f3\u017c kulinarna blisko domu, kt\u00f3ra doda Ci energii i u\u015bmiechu na ca\u0142y dzie\u0144! Cena \u015bniadania to <strong>55 z\u0142 za ca\u0142y bufet z napojami<\/strong>.<\/p>\n<h6>Godziny otwarcia<\/h6>\n<ul class=\"list-unstyled page-list mb-30\">\n\t<li>\n\t\t<div class=\"page-list-icon\"> <span class=\"ti-time\"><\/span> <\/div>\n\t\t<div class=\"page-list-text\">\n\t\t\t<p>Poniedzia\u0142ek - pi\u0105tek: 12:00 \u2013 22.00<\/p>\n\t\t<\/div>\n\t<\/li>\n\t<li>\n\t\t<div class=\"page-list-icon\"> <span class=\"ti-time\"><\/span> <\/div>\n\t\t<div class=\"page-list-text\">\n\t\t\t<p>Weekendy: 12:00 \u2013 23.00<\/p>\n\t\t<\/div>\n\t<\/li>\n<\/ul><\/h5>\n\t\t\t\t\t\t\t\t\t\t\t\t\t\t\t\t\t\t\t\t\t\t\t\t\t\t\t<\/div>\n\t\t\t\t\t\t<!-- Booking From -->\n\t\t\t\t\t\t<div class=\"col-md-5 offset-md-2\">\n\t\t\t\t\t\t\t\t\t\t\t\t\t<\/div>\n\t\t\t\t\t<\/div>\n\t\t\t\t<\/div>\n\t\t\t<\/div>\n\t\t<\/section>\n\n\t\t\n\t\t\t<\/div>\n\t\t\t\t<\/div>\n\t\t\t\t\t<\/div>\n\t\t<\/div>\n\t\t\t\t\t<\/div>\n\t\t<\/section>\n\t\t\t\t<section class=\"elementor-section elementor-top-section elementor-element elementor-element-d8cfbcc elementor-section-full_width bg-cream elementor-section-height-default elementor-section-height-default\" data-id=\"d8cfbcc\" data-element_type=\"section\">\n\t\t\t\t\t\t<div class=\"elementor-container elementor-column-gap-no\">\n\t\t\t\t\t<div class=\"elementor-column elementor-col-100 elementor-top-column elementor-element elementor-element-3751685\" data-id=\"3751685\" data-element_type=\"column\">\n\t\t\t<div class=\"elementor-widget-wrap elementor-element-populated\">\n\t\t\t\t\t\t<div class=\"elementor-element elementor-element-3c05932 elementor-align-left elementor-widget elementor-widget-pages-gallery\" data-id=\"3c05932\" data-element_type=\"widget\" data-widget_type=\"pages-gallery.default\">\n\t\t\t\t<div class=\"elementor-widget-container\">\n\t\t\t\r\n\t\t<section class=\"section-padding\">\r\n\t\t\t<div class=\"container\">\r\n\t\t\t\t<div class=\"row\">\r\n\t\t\t\t\t<div class=\"col-md-12\">\r\n\t\t\t\t\t\t\t\t\t\t\t\t\t\t\t\t\t\t\t<div class=\"section-title\">Galeria<\/div>\r\n\t\t\t\t\t\t\t\t\t\t\t<\/div>\r\n\t\t\t\t\t<!-- 3 columns -->\r\n\t\t\t\t\t\t\t\t\t\t\t\t\t\t\t\t\t<div class=\"col-md-4 gallery-item\">\r\n\t\t\t\t\t\t\t\t\t\t\t\t\t\t\t\t\t\t\t<a href=\"https:\/\/convictus.pl\/wp-content\/uploads\/sniadanie-1-1.jpg\" title=\"\" class=\"img-zoom\">\r\n\t\t\t\t\t\t\t\t<div class=\"gallery-box\">\r\n\t\t\t\t\t\t\t\t\t<div class=\"gallery-img\"> <img decoding=\"async\" src=\"https:\/\/convictus.pl\/wp-content\/uploads\/sniadanie-1-1.jpg\" class=\"img-fluid mx-auto d-block\" alt=\"work-img\"> <\/div>\r\n\t\t\t\t\t\t\t\t<\/div>\r\n\t\t\t\t\t\t\t<\/a>\r\n\t\t\t\t\t\t\t\t\t\t\t\t\t<\/div>\r\n\t\t\t\t\t\t\t\t\t\t\t\t\t\t\t\t\t<div class=\"col-md-4 gallery-item\">\r\n\t\t\t\t\t\t\t\t\t\t\t\t\t\t\t\t\t\t\t<a href=\"https:\/\/convictus.pl\/wp-content\/uploads\/sniadanie-3.jpg\" title=\"\" class=\"img-zoom\">\r\n\t\t\t\t\t\t\t\t<div class=\"gallery-box\">\r\n\t\t\t\t\t\t\t\t\t<div class=\"gallery-img\"> <img decoding=\"async\" src=\"https:\/\/convictus.pl\/wp-content\/uploads\/sniadanie-3.jpg\" class=\"img-fluid mx-auto d-block\" alt=\"work-img\"> <\/div>\r\n\t\t\t\t\t\t\t\t<\/div>\r\n\t\t\t\t\t\t\t<\/a>\r\n\t\t\t\t\t\t\t\t\t\t\t\t\t<\/div>\r\n\t\t\t\t\t\t\t\t\t\t\t\t\t\t\t\t\t<div class=\"col-md-4 gallery-item\">\r\n\t\t\t\t\t\t\t\t\t\t\t\t\t\t\t\t\t\t\t<a href=\"https:\/\/convictus.pl\/wp-content\/uploads\/sniadanie-7.jpg\" title=\"\" class=\"img-zoom\">\r\n\t\t\t\t\t\t\t\t<div class=\"gallery-box\">\r\n\t\t\t\t\t\t\t\t\t<div class=\"gallery-img\"> <img decoding=\"async\" src=\"https:\/\/convictus.pl\/wp-content\/uploads\/sniadanie-7.jpg\" class=\"img-fluid mx-auto d-block\" alt=\"work-img\"> <\/div>\r\n\t\t\t\t\t\t\t\t<\/div>\r\n\t\t\t\t\t\t\t<\/a>\r\n\t\t\t\t\t\t\t\t\t\t\t\t\t<\/div>\r\n\t\t\t\t\t\t\t\t\t\t\t\t\t\t\t\t\t<div class=\"col-md-6 gallery-item\">\r\n\t\t\t\t\t\t\t\t\t\t\t\t\t\t\t\t\t\t\t<a href=\"https:\/\/convictus.pl\/wp-content\/uploads\/sniadanie-2-1.jpg\" title=\"\" class=\"img-zoom\">\r\n\t\t\t\t\t\t\t\t<div class=\"gallery-box\">\r\n\t\t\t\t\t\t\t\t\t<div class=\"gallery-img\"> <img decoding=\"async\" src=\"https:\/\/convictus.pl\/wp-content\/uploads\/sniadanie-2-1.jpg\" class=\"img-fluid mx-auto d-block\" alt=\"work-img\"> <\/div>\r\n\t\t\t\t\t\t\t\t<\/div>\r\n\t\t\t\t\t\t\t<\/a>\r\n\t\t\t\t\t\t\t\t\t\t\t\t\t<\/div>\r\n\t\t\t\t\t\t\t\t\t\t\t\t\t\t\t\t\t<div class=\"col-md-6 gallery-item\">\r\n\t\t\t\t\t\t\t\t\t\t\t\t\t\t\t\t\t\t\t<a href=\"https:\/\/convictus.pl\/wp-content\/uploads\/sniadanie-5.jpg\" title=\"\" class=\"img-zoom\">\r\n\t\t\t\t\t\t\t\t<div class=\"gallery-box\">\r\n\t\t\t\t\t\t\t\t\t<div class=\"gallery-img\"> <img decoding=\"async\" src=\"https:\/\/convictus.pl\/wp-content\/uploads\/sniadanie-5.jpg\" class=\"img-fluid mx-auto d-block\" alt=\"work-img\"> <\/div>\r\n\t\t\t\t\t\t\t\t<\/div>\r\n\t\t\t\t\t\t\t<\/a>\r\n\t\t\t\t\t\t\t\t\t\t\t\t\t<\/div>\r\n\t\t\t\t\t\t\t\t\t\t\t\t\t\t\t\t\t<div class=\"col-md-4 gallery-item\">\r\n\t\t\t\t\t\t\t\t\t\t\t\t\t\t\t\t\t\t\t<a href=\"https:\/\/convictus.pl\/wp-content\/uploads\/sniadanie-11.jpg\" title=\"\" class=\"img-zoom\">\r\n\t\t\t\t\t\t\t\t<div class=\"gallery-box\">\r\n\t\t\t\t\t\t\t\t\t<div class=\"gallery-img\"> <img decoding=\"async\" src=\"https:\/\/convictus.pl\/wp-content\/uploads\/sniadanie-11.jpg\" class=\"img-fluid mx-auto d-block\" alt=\"work-img\"> <\/div>\r\n\t\t\t\t\t\t\t\t<\/div>\r\n\t\t\t\t\t\t\t<\/a>\r\n\t\t\t\t\t\t\t\t\t\t\t\t\t<\/div>\r\n\t\t\t\t\t\t\t\t\t\t\t\t\t\t\t\t\t<div class=\"col-md-4 gallery-item\">\r\n\t\t\t\t\t\t\t\t\t\t\t\t\t\t\t\t\t\t\t<a href=\"https:\/\/convictus.pl\/wp-content\/uploads\/sniadanie-9.jpg\" title=\"\" class=\"img-zoom\">\r\n\t\t\t\t\t\t\t\t<div class=\"gallery-box\">\r\n\t\t\t\t\t\t\t\t\t<div class=\"gallery-img\"> <img decoding=\"async\" src=\"https:\/\/convictus.pl\/wp-content\/uploads\/sniadanie-9.jpg\" class=\"img-fluid mx-auto d-block\" alt=\"work-img\"> <\/div>\r\n\t\t\t\t\t\t\t\t<\/div>\r\n\t\t\t\t\t\t\t<\/a>\r\n\t\t\t\t\t\t\t\t\t\t\t\t\t<\/div>\r\n\t\t\t\t\t\t\t\t\t\t\t\t\t\t\t\t\t<div class=\"col-md-4 gallery-item\">\r\n\t\t\t\t\t\t\t\t\t\t\t\t\t\t\t\t\t\t\t<a href=\"https:\/\/convictus.pl\/wp-content\/uploads\/sniadanie-8.jpg\" title=\"\" class=\"img-zoom\">\r\n\t\t\t\t\t\t\t\t<div class=\"gallery-box\">\r\n\t\t\t\t\t\t\t\t\t<div class=\"gallery-img\"> <img decoding=\"async\" src=\"https:\/\/convictus.pl\/wp-content\/uploads\/sniadanie-8.jpg\" class=\"img-fluid mx-auto d-block\" alt=\"work-img\"> <\/div>\r\n\t\t\t\t\t\t\t\t<\/div>\r\n\t\t\t\t\t\t\t<\/a>\r\n\t\t\t\t\t\t\t\t\t\t\t\t\t<\/div>\r\n\t\t\t\t\t\t\t\t\t<\/div>\r\n\t\t\t<\/div>\r\n\t\t<\/section>\r\n\t\t\r\n\r\n\t\t\t<\/div>\n\t\t\t\t<\/div>\n\t\t\t\t\t<\/div>\n\t\t<\/div>\n\t\t\t\t\t<\/div>\n\t\t<\/section>\n\t\t\t\t<\/div>\n\t\t","protected":false},"excerpt":{"rendered":"<p>\u015aniadania \u015aniadanie to prawdziwy rytua\u0142 w naszym hotelu i jedna z tych rzeczy, na kt\u00f3r\u0105 Go\u015bcie czekaj\u0105 z niecierpliwo\u015bci\u0105. W ko\u0144cu, kto nie lubi rozpocz\u0105\u0107 dnia od bogatego bufetu z r\u00f3\u017cnorodnym wyborem da\u0144? Wiemy, jak wa\u017cne s\u0105 hotelowe \u015bniadania \u2013 zaskakuj\u0105, sprawiaj\u0105 przyjemno\u015b\u0107 i nadaj\u0105 porankom wyj\u0105tkowy smak. Dlatego dok\u0142adamy wszelkich stara\u0144, aby nasze \u015bniadania [&hellip;]<\/p>\n","protected":false},"author":1,"featured_media":0,"parent":7278,"menu_order":0,"comment_status":"closed","ping_status":"closed","template":"page-templates\/home.php","meta":{"inline_featured_image":false,"footnotes":"","_links_to":"","_links_to_target":""},"class_list":["post-7282","page","type-page","status-publish","hentry"],"_links":{"self":[{"href":"https:\/\/convictus.pl\/de\/wp-json\/wp\/v2\/pages\/7282","targetHints":{"allow":["GET"]}}],"collection":[{"href":"https:\/\/convictus.pl\/de\/wp-json\/wp\/v2\/pages"}],"about":[{"href":"https:\/\/convictus.pl\/de\/wp-json\/wp\/v2\/types\/page"}],"author":[{"embeddable":true,"href":"https:\/\/convictus.pl\/de\/wp-json\/wp\/v2\/users\/1"}],"replies":[{"embeddable":true,"href":"https:\/\/convictus.pl\/de\/wp-json\/wp\/v2\/comments?post=7282"}],"version-history":[{"count":1,"href":"https:\/\/convictus.pl\/de\/wp-json\/wp\/v2\/pages\/7282\/revisions"}],"predecessor-version":[{"id":7292,"href":"https:\/\/convictus.pl\/de\/wp-json\/wp\/v2\/pages\/7282\/revisions\/7292"}],"up":[{"embeddable":true,"href":"https:\/\/convictus.pl\/de\/wp-json\/wp\/v2\/pages\/7278"}],"wp:attachment":[{"href":"https:\/\/convictus.pl\/de\/wp-json\/wp\/v2\/media?parent=7282"}],"curies":[{"name":"wp","href":"https:\/\/api.w.org\/{rel}","templated":true}]}}