{"id":7260,"date":"2024-10-04T13:25:15","date_gmt":"2024-10-04T11:25:15","guid":{"rendered":"https:\/\/convictus.pl\/hotel\/wycieczki\/"},"modified":"2025-05-05T23:06:50","modified_gmt":"2025-05-05T21:06:50","slug":"ausfluge","status":"publish","type":"page","link":"https:\/\/convictus.pl\/de\/hotel\/ausfluge\/","title":{"rendered":"Ausfl\u00fcge"},"content":{"rendered":"\t\t<div data-elementor-type=\"wp-page\" data-elementor-id=\"7260\" class=\"elementor elementor-7260 elementor-6078\">\n\t\t\t\t\t\t<section class=\"elementor-section elementor-top-section elementor-element elementor-element-4552ab6 elementor-section-full_width elementor-section-height-default elementor-section-height-default\" data-id=\"4552ab6\" data-element_type=\"section\">\n\t\t\t\t\t\t<div class=\"elementor-container elementor-column-gap-no\">\n\t\t\t\t\t<div class=\"elementor-column elementor-col-100 elementor-top-column elementor-element elementor-element-1305fe1\" data-id=\"1305fe1\" data-element_type=\"column\">\n\t\t\t<div class=\"elementor-widget-wrap elementor-element-populated\">\n\t\t\t\t\t\t<div class=\"elementor-element elementor-element-2f17a09 elementor-align-left elementor-widget elementor-widget-pages-banner\" data-id=\"2f17a09\" data-element_type=\"widget\" data-widget_type=\"pages-banner.default\">\n\t\t\t\t<div class=\"elementor-widget-container\">\n\t\t\t\r\n\t\t\t\t<div class=\"banner-header section-padding valign bg-img bg-fixed\" data-overlay-dark=\"4\" data-background=\"https:\/\/convictus.pl\/wp-content\/uploads\/slider.jpg\">\r\n\t\t\t\t\t<div class=\"container\">\r\n\t\t\t\t<div class=\"row\">\r\n\t\t\t\t\t<div class=\"col-md-12 caption mt-90\">\r\n\t\t\t\t\t\t\t\t\t\t\t\t<h5>Pozosta\u0142e us\u0142ugi<\/h5>\r\n\t\t\t\t\t\t\t\t\t\t\t\t\t\t\t\t\t\t<h1>Wycieczki i transfery<\/h1>\r\n\t\t\t\t\t\t\t\t\t\t\t<\/div>\r\n\t\t\t\t<\/div>\r\n\t\t\t<\/div>\r\n\t\t<\/div>\r\n\r\n\t\t\t<\/div>\n\t\t\t\t<\/div>\n\t\t\t\t\t<\/div>\n\t\t<\/div>\n\t\t\t\t\t<\/div>\n\t\t<\/section>\n\t\t\t\t<section class=\"elementor-section elementor-top-section elementor-element elementor-element-8fb1499 elementor-section-full_width elementor-section-height-default elementor-section-height-default\" data-id=\"8fb1499\" data-element_type=\"section\">\n\t\t\t\t\t\t<div class=\"elementor-container elementor-column-gap-no\">\n\t\t\t\t\t<div class=\"elementor-column elementor-col-100 elementor-top-column elementor-element elementor-element-9c6f917\" data-id=\"9c6f917\" data-element_type=\"column\">\n\t\t\t<div class=\"elementor-widget-wrap elementor-element-populated\">\n\t\t\t\t\t\t<div class=\"elementor-element elementor-element-761f92c elementor-align-center elementor-widget elementor-widget-home-services-2\" data-id=\"761f92c\" data-element_type=\"widget\" data-widget_type=\"home-services-2.default\">\n\t\t\t\t<div class=\"elementor-widget-container\">\n\t\t\t\r\n\t\t<section class=\"services section-padding\">\r\n\t\t\t<div class=\"container\">\r\n\t\t\t\t\t\t\t\t\t\t\t\t\t\t\t<div class=\"row\">\r\n\t\t\t\t\t\t\t<div class=\"col-md-6 p-0 animate-box\" data-animate-effect=\"fadeInLeft\">\r\n\t\t\t\t\t\t\t\t\t\t\t\t\t\t\t\t\t<div class=\"img left\">\r\n\t\t\t\t\t\t\t\t\t\t<a href=\"\"><img decoding=\"async\" src=\"https:\/\/convictus.pl\/wp-content\/uploads\/transfery.jpg\" alt=\"\"><\/a>\r\n\t\t\t\t\t\t\t\t\t<\/div>\r\n\t\t\t\t\t\t\t\t\t\t\t\t\t\t\t<\/div>\r\n\t\t\t\t\t\t\t\t\t\t\t\t\t\t<div class=\"col-md-6 p-0 bg-cream valign animate-box\" data-animate-effect=\"fadeInRight\">\r\n\t\t\t\t\t\t\t\t \r\n\t\t\t\t\t\t\t\t<div class=\"content\">\r\n\t\t\t\t\t\t\t\t\t<div class=\"cont text-left\">\r\n\t\t\t\t\t\t\t\t\t\t\t\t\t\t\t\t\t\t\t\t\t\t\t\t\t\t\t\t\t\t\t<h4>Transfery<\/h4>\r\n\t\t\t\t\t\t\t\t\t\t\t\t\t\t\t\t\t\t\t\t\t\t\t\t\t\t\t\t\t\t\t<p>Hotel Convictus zapewnia wygodne transfery na lotnisko oraz z lotniska, aby podr\u00f3\u017cowanie by\u0142o jak najbardziej komfortowe. Na \u017cyczenie Go\u015bci mo\u017cemy r\u00f3wnie\u017c zorganizowa\u0107 transport w dowolne miejsce, dostosowuj\u0105c przejazdy do indywidualnych potrzeb.<\/p>\r\n\t\t\t\t\t\t\t\t\t\t\t\t\t\t\t\t\t\t\t\t\t\t\t\t\t\t\t\t\t<\/div>\r\n\t\t\t\t\t\t\t\t<\/div>\r\n\t\t\t\t\t\t\t<\/div>\r\n\t\t\t\t\t\t<\/div>\r\n\t\t\t\t\t\t\t\t\t\t\t\t\t\t\t\t\t\t\t\t\t\t\t<div class=\"row\">\r\n\t\t\t\t\t\t\t\t\t\t\t\t\t\t\t\t<div class=\"col-md-6 bg-cream p-0 order2 valign animate-box\" data-animate-effect=\"fadeInLeft\">\r\n\t\t\t\t\t\t\t\t\t \r\n\t\t\t\t\t\t\t\t\t<div class=\"content\">\r\n\t\t\t\t\t\t\t\t\t\t<div class=\"cont text-left\">\r\n\t\t\t\t\t\t\t\t\t\t\t\t\t\t\t\t\t\t\t\t\t\t\t\t\t\t\t\t\t\t\t\t\t\t<h4>Wycieczki<\/h4>\r\n\t\t\t\t\t\t\t\t\t\t\t\t\t\t\t\t\t\t\t\t\t\t\t\t\t\t\t\t\t\t\t\t\t\t<p>Dzi\u0119ki wsp\u00f3\u0142pracy z lokalnymi tour operatorami oferujemy mo\u017cliwo\u015b\u0107 organizacji wycieczek do najwa\u017cniejszych atrakcji Krakowa i okolic. Nasi Go\u015bcie mog\u0105 wybra\u0107 si\u0119 na zwiedzanie historycznych miejsc, takich jak O\u015bwi\u0119cim czy Kopalnia Soli w Wieliczce, a my zadbamy o wszystkie szczeg\u00f3\u0142y, aby ka\u017cda wycieczka przebieg\u0142a bez problem\u00f3w.<\/p>\r\n\t\t\t\t\t\t\t\t\t\t\t\t\t\t\t\t\t\t\t\t\t\t\t\t\t\t\t\t\t\t\t\t<\/div>\r\n\t\t\t\t\t\t\t\t\t<\/div>\r\n\t\t\t\t\t\t\t\t<\/div>\r\n\t\t\t\t\t\t\t\t<div class=\"col-md-6 p-0 order1 animate-box\" data-animate-effect=\"fadeInRight\">\r\n\t\t\t\t\t\t\t\t\t\t\t\t\t\t\t\t\t\t\t<div class=\"img\">\r\n\t\t\t\t\t\t\t\t\t\t\t<a href=\"\"><img decoding=\"async\" src=\"https:\/\/convictus.pl\/wp-content\/uploads\/wycieczki.jpg\" alt=\"\"><\/a>\r\n\t\t\t\t\t\t\t\t\t\t<\/div>\r\n\t\t\t\t\t\t\t\t\t\t\t\t\t\t\t\t\t<\/div>\r\n\t\t\t\t\t\t\t<\/div>\r\n\t\t\t\t\t\t\t\t\t\t\t\t\t\t\t\t\t\t\t\t\t\t<div class=\"row\">\r\n\t\t\t\t\t\t\t<div class=\"col-md-6 p-0 animate-box\" data-animate-effect=\"fadeInLeft\">\r\n\t\t\t\t\t\t\t\t\t\t\t\t\t\t\t\t\t<div class=\"img left\">\r\n\t\t\t\t\t\t\t\t\t\t<a href=\"\"><img decoding=\"async\" src=\"https:\/\/convictus.pl\/wp-content\/uploads\/recepcja.jpg\" alt=\"\"><\/a>\r\n\t\t\t\t\t\t\t\t\t<\/div>\r\n\t\t\t\t\t\t\t\t\t\t\t\t\t\t\t<\/div>\r\n\t\t\t\t\t\t\t\t\t\t\t\t\t\t<div class=\"col-md-6 p-0 bg-cream valign animate-box\" data-animate-effect=\"fadeInRight\">\r\n\t\t\t\t\t\t\t\t \r\n\t\t\t\t\t\t\t\t<div class=\"content\">\r\n\t\t\t\t\t\t\t\t\t<div class=\"cont text-left\">\r\n\t\t\t\t\t\t\t\t\t\t\t\t\t\t\t\t\t\t\t\t\t\t\t\t\t\t\t\t\t\t\t<h4>Kontakt<\/h4>\r\n\t\t\t\t\t\t\t\t\t\t\t\t\t\t\t\t\t\t\t\t\t\t\t\t\t\t\t\t\t\t\t<p>Zapraszamy do kontaktu z nasz\u0105 recepcj\u0105, aby dowiedzie\u0107 si\u0119 wi\u0119cej o transferach, organizacji wycieczek oraz innych us\u0142ugach, kt\u00f3re oferujemy.<\/p>\r\n\t\t\t\t\t\t\t\t\t\t\t\t\t\t\t\t\t\t\t\t\t\t\t\t\t\t\t\t\t<\/div>\r\n\t\t\t\t\t\t\t\t<\/div>\r\n\t\t\t\t\t\t\t<\/div>\r\n\t\t\t\t\t\t<\/div>\r\n\t\t\t\t\t\t\t\t\t\t\t\t\t\t\t<\/div>\r\n\t\t\t<\/section>\r\n\r\n\r\n\t\t\t<\/div>\n\t\t\t\t<\/div>\n\t\t\t\t\t<\/div>\n\t\t<\/div>\n\t\t\t\t\t<\/div>\n\t\t<\/section>\n\t\t\t\t<\/div>\n\t\t","protected":false},"excerpt":{"rendered":"<p>Pozosta\u0142e us\u0142ugi Wycieczki i transfery Transfery Hotel Convictus zapewnia wygodne transfery na lotnisko oraz z lotniska, aby podr\u00f3\u017cowanie by\u0142o jak najbardziej komfortowe. Na \u017cyczenie Go\u015bci mo\u017cemy r\u00f3wnie\u017c zorganizowa\u0107 transport w dowolne miejsce, dostosowuj\u0105c przejazdy do indywidualnych potrzeb. Wycieczki Dzi\u0119ki wsp\u00f3\u0142pracy z lokalnymi tour operatorami oferujemy mo\u017cliwo\u015b\u0107 organizacji wycieczek do najwa\u017cniejszych atrakcji Krakowa i okolic. Nasi [&hellip;]<\/p>\n","protected":false},"author":1,"featured_media":0,"parent":7240,"menu_order":10,"comment_status":"closed","ping_status":"closed","template":"page-templates\/home.php","meta":{"inline_featured_image":false,"footnotes":"","_links_to":"","_links_to_target":""},"class_list":["post-7260","page","type-page","status-publish","hentry"],"_links":{"self":[{"href":"https:\/\/convictus.pl\/de\/wp-json\/wp\/v2\/pages\/7260","targetHints":{"allow":["GET"]}}],"collection":[{"href":"https:\/\/convictus.pl\/de\/wp-json\/wp\/v2\/pages"}],"about":[{"href":"https:\/\/convictus.pl\/de\/wp-json\/wp\/v2\/types\/page"}],"author":[{"embeddable":true,"href":"https:\/\/convictus.pl\/de\/wp-json\/wp\/v2\/users\/1"}],"replies":[{"embeddable":true,"href":"https:\/\/convictus.pl\/de\/wp-json\/wp\/v2\/comments?post=7260"}],"version-history":[{"count":1,"href":"https:\/\/convictus.pl\/de\/wp-json\/wp\/v2\/pages\/7260\/revisions"}],"predecessor-version":[{"id":7271,"href":"https:\/\/convictus.pl\/de\/wp-json\/wp\/v2\/pages\/7260\/revisions\/7271"}],"up":[{"embeddable":true,"href":"https:\/\/convictus.pl\/de\/wp-json\/wp\/v2\/pages\/7240"}],"wp:attachment":[{"href":"https:\/\/convictus.pl\/de\/wp-json\/wp\/v2\/media?parent=7260"}],"curies":[{"name":"wp","href":"https:\/\/api.w.org\/{rel}","templated":true}]}}