{"id":7251,"date":"2024-09-17T15:55:23","date_gmt":"2024-09-17T13:55:23","guid":{"rendered":"https:\/\/convictus.pl\/hotel\/udogodnienia\/"},"modified":"2025-05-05T23:06:10","modified_gmt":"2025-05-05T21:06:10","slug":"ausstattung","status":"publish","type":"page","link":"https:\/\/convictus.pl\/de\/hotel\/ausstattung\/","title":{"rendered":"Ausstattung"},"content":{"rendered":"\t\t<div data-elementor-type=\"wp-page\" data-elementor-id=\"7251\" class=\"elementor elementor-7251 elementor-2221\">\n\t\t\t\t\t\t<section class=\"elementor-section elementor-top-section elementor-element elementor-element-4552ab6 elementor-section-full_width elementor-section-height-default elementor-section-height-default\" data-id=\"4552ab6\" data-element_type=\"section\">\n\t\t\t\t\t\t<div class=\"elementor-container elementor-column-gap-no\">\n\t\t\t\t\t<div class=\"elementor-column elementor-col-100 elementor-top-column elementor-element elementor-element-1305fe1\" data-id=\"1305fe1\" data-element_type=\"column\">\n\t\t\t<div class=\"elementor-widget-wrap elementor-element-populated\">\n\t\t\t\t\t\t<div class=\"elementor-element elementor-element-2f17a09 elementor-align-left elementor-widget elementor-widget-pages-banner\" data-id=\"2f17a09\" data-element_type=\"widget\" data-widget_type=\"pages-banner.default\">\n\t\t\t\t<div class=\"elementor-widget-container\">\n\t\t\t\r\n\t\t\t\t<div class=\"banner-header section-padding valign bg-img bg-fixed\" data-overlay-dark=\"4\" data-background=\"https:\/\/convictus.pl\/wp-content\/uploads\/slider-5.jpg\">\r\n\t\t\t\t\t<div class=\"container\">\r\n\t\t\t\t<div class=\"row\">\r\n\t\t\t\t\t<div class=\"col-md-12 caption mt-90\">\r\n\t\t\t\t\t\t\t\t\t\t\t\t<h5>Pozosta\u0142e us\u0142ugi<\/h5>\r\n\t\t\t\t\t\t\t\t\t\t\t\t\t\t\t\t\t\t<h1>Udogodnienia<\/h1>\r\n\t\t\t\t\t\t\t\t\t\t\t<\/div>\r\n\t\t\t\t<\/div>\r\n\t\t\t<\/div>\r\n\t\t<\/div>\r\n\r\n\t\t\t<\/div>\n\t\t\t\t<\/div>\n\t\t\t\t\t<\/div>\n\t\t<\/div>\n\t\t\t\t\t<\/div>\n\t\t<\/section>\n\t\t\t\t<section class=\"elementor-section elementor-top-section elementor-element elementor-element-04b33c3 elementor-section-full_width elementor-section-height-default elementor-section-height-default\" data-id=\"04b33c3\" data-element_type=\"section\">\n\t\t\t\t\t\t<div class=\"elementor-container elementor-column-gap-no\">\n\t\t\t\t\t<div class=\"elementor-column elementor-col-100 elementor-top-column elementor-element elementor-element-1f06079\" data-id=\"1f06079\" data-element_type=\"column\">\n\t\t\t<div class=\"elementor-widget-wrap elementor-element-populated\">\n\t\t\t\t\t\t<div class=\"elementor-element elementor-element-c0b67c6 elementor-align-center elementor-widget elementor-widget-home-services-2\" data-id=\"c0b67c6\" data-element_type=\"widget\" data-widget_type=\"home-services-2.default\">\n\t\t\t\t<div class=\"elementor-widget-container\">\n\t\t\t\r\n\t\t<section class=\"services section-padding\">\r\n\t\t\t<div class=\"container\">\r\n\t\t\t\t\t\t\t\t\t\t\t\t\t\t\t<div class=\"row\">\r\n\t\t\t\t\t\t\t<div class=\"col-md-6 p-0 animate-box\" data-animate-effect=\"fadeInLeft\">\r\n\t\t\t\t\t\t\t\t\t\t\t\t\t\t\t\t\t<div class=\"img left\">\r\n\t\t\t\t\t\t\t\t\t\t<a href=\"\"><img decoding=\"async\" src=\"https:\/\/convictus.pl\/wp-content\/uploads\/family.jpg\" alt=\"\"><\/a>\r\n\t\t\t\t\t\t\t\t\t<\/div>\r\n\t\t\t\t\t\t\t\t\t\t\t\t\t\t\t<\/div>\r\n\t\t\t\t\t\t\t\t\t\t\t\t\t\t<div class=\"col-md-6 p-0 bg-cream valign animate-box\" data-animate-effect=\"fadeInRight\">\r\n\t\t\t\t\t\t\t\t \r\n\t\t\t\t\t\t\t\t<div class=\"content\">\r\n\t\t\t\t\t\t\t\t\t<div class=\"cont text-left\">\r\n\t\t\t\t\t\t\t\t\t\t\t\t\t\t\t\t\t\t\t\t\t\t\t\t\t\t\t\t\t\t\t<h4>Rozwi\u0105zania dla rodzin<\/h4>\r\n\t\t\t\t\t\t\t\t\t\t\t\t\t\t\t\t\t\t\t\t\t\t\t\t\t\t\t\t\t\t\t<p>Dla rodzin przygotowali\u015bmy r\u00f3\u017cnorodne udogodnienia, kt\u00f3re sprawiaj\u0105, \u017ce pobyt u nas jest przyjemny i wygodny. Oferujemy k\u0105cik zabaw dla dzieci, krzese\u0142ka do karmienia oraz przestronne pokoje rodzinne. Latem na zewn\u0105trz rozstawiamy dodatkowe atrakcje, takie jak zabawki i mini boisko, kt\u00f3re zapewniaj\u0105 dzieciom mn\u00f3stwo rado\u015bci na \u015bwie\u017cym powietrzu.<\/p>\r\n\t\t\t\t\t\t\t\t\t\t\t\t\t\t\t\t\t\t\t\t\t\t\t\t\t\t\t\t\t<\/div>\r\n\t\t\t\t\t\t\t\t<\/div>\r\n\t\t\t\t\t\t\t<\/div>\r\n\t\t\t\t\t\t<\/div>\r\n\t\t\t\t\t\t\t\t\t\t\t\t\t\t\t\t\t\t\t\t\t\t\t<div class=\"row\">\r\n\t\t\t\t\t\t\t\t\t\t\t\t\t\t\t\t<div class=\"col-md-6 bg-cream p-0 order2 valign animate-box\" data-animate-effect=\"fadeInLeft\">\r\n\t\t\t\t\t\t\t\t\t \r\n\t\t\t\t\t\t\t\t\t<div class=\"content\">\r\n\t\t\t\t\t\t\t\t\t\t<div class=\"cont text-left\">\r\n\t\t\t\t\t\t\t\t\t\t\t\t\t\t\t\t\t\t\t\t\t\t\t\t\t\t\t\t\t\t\t\t\t\t<h4>Parking i \u0142adowarka<\/h4>\r\n\t\t\t\t\t\t\t\t\t\t\t\t\t\t\t\t\t\t\t\t\t\t\t\t\t\t\t\t\t\t\t\t\t\t<p>Dysponujemy du\u017cym parkingiem na prawie 100 miejsc, co zapewnia wygod\u0119 parkowania. Dodatkowo, dla Go\u015bci podr\u00f3\u017cuj\u0105cych samochodami elektrycznymi oferujemy stacj\u0119 \u0142adowania, aby podr\u00f3\u017cowanie by\u0142o jeszcze bardziej komfortowe.<\/p>\r\n\t\t\t\t\t\t\t\t\t\t\t\t\t\t\t\t\t\t\t\t\t\t\t\t\t\t\t\t\t\t\t\t<\/div>\r\n\t\t\t\t\t\t\t\t\t<\/div>\r\n\t\t\t\t\t\t\t\t<\/div>\r\n\t\t\t\t\t\t\t\t<div class=\"col-md-6 p-0 order1 animate-box\" data-animate-effect=\"fadeInRight\">\r\n\t\t\t\t\t\t\t\t\t\t\t\t\t\t\t\t\t\t\t<div class=\"img\">\r\n\t\t\t\t\t\t\t\t\t\t\t<a href=\"\"><img decoding=\"async\" src=\"https:\/\/convictus.pl\/wp-content\/uploads\/hotel-convictus.jpg\" alt=\"\"><\/a>\r\n\t\t\t\t\t\t\t\t\t\t<\/div>\r\n\t\t\t\t\t\t\t\t\t\t\t\t\t\t\t\t\t<\/div>\r\n\t\t\t\t\t\t\t<\/div>\r\n\t\t\t\t\t\t\t\t\t\t\t\t\t\t\t\t\t\t\t\t\t\t<div class=\"row\">\r\n\t\t\t\t\t\t\t<div class=\"col-md-6 p-0 animate-box\" data-animate-effect=\"fadeInLeft\">\r\n\t\t\t\t\t\t\t\t\t\t\t\t\t\t\t\t\t<div class=\"img left\">\r\n\t\t\t\t\t\t\t\t\t\t<a href=\"\"><img decoding=\"async\" src=\"https:\/\/convictus.pl\/wp-content\/uploads\/pet.jpg\" alt=\"\"><\/a>\r\n\t\t\t\t\t\t\t\t\t<\/div>\r\n\t\t\t\t\t\t\t\t\t\t\t\t\t\t\t<\/div>\r\n\t\t\t\t\t\t\t\t\t\t\t\t\t\t<div class=\"col-md-6 p-0 bg-cream valign animate-box\" data-animate-effect=\"fadeInRight\">\r\n\t\t\t\t\t\t\t\t \r\n\t\t\t\t\t\t\t\t<div class=\"content\">\r\n\t\t\t\t\t\t\t\t\t<div class=\"cont text-left\">\r\n\t\t\t\t\t\t\t\t\t\t\t\t\t\t\t\t\t\t\t\t\t\t\t\t\t\t\t\t\t\t\t<h4>Pet Friendly<\/h4>\r\n\t\t\t\t\t\t\t\t\t\t\t\t\t\t\t\t\t\t\t\t\t\t\t\t\t\t\t\t\t\t\t<p>W Hotelu Convictus Go\u015bcie mog\u0105 przyjecha\u0107 ze swoimi zwierz\u0119tami, ciesz\u0105c si\u0119 ich towarzystwem podczas pobytu. Oferujemy miski z wod\u0105, a koszt za dob\u0119 pobytu zwierzaka wynosi 50 z\u0142. Jeste\u015bmy przygotowani, aby Tw\u00f3j czworono\u017cny przyjaciel czu\u0142 si\u0119 r\u00f3wnie komfortowo jak Ty.<\/p>\r\n\t\t\t\t\t\t\t\t\t\t\t\t\t\t\t\t\t\t\t\t\t\t\t\t\t\t\t\t\t<\/div>\r\n\t\t\t\t\t\t\t\t<\/div>\r\n\t\t\t\t\t\t\t<\/div>\r\n\t\t\t\t\t\t<\/div>\r\n\t\t\t\t\t\t\t\t\t\t\t\t\t\t\t\t\t\t\t\t\t\t\t<div class=\"row\">\r\n\t\t\t\t\t\t\t\t\t\t\t\t\t\t\t\t<div class=\"col-md-6 bg-cream p-0 order2 valign animate-box\" data-animate-effect=\"fadeInLeft\">\r\n\t\t\t\t\t\t\t\t\t \r\n\t\t\t\t\t\t\t\t\t<div class=\"content\">\r\n\t\t\t\t\t\t\t\t\t\t<div class=\"cont text-left\">\r\n\t\t\t\t\t\t\t\t\t\t\t\t\t\t\t\t\t\t\t\t\t\t\t\t\t\t\t\t\t\t\t\t\t\t<h4>Recepcja i extra serwis<\/h4>\r\n\t\t\t\t\t\t\t\t\t\t\t\t\t\t\t\t\t\t\t\t\t\t\t\t\t\t\t\t\t\t\t\t\t\t<p>Recepcja Hotelu Convictus jest czynna przez ca\u0142\u0105 dob\u0119, dzi\u0119ki czemu zawsze jeste\u015bmy dost\u0119pni dla naszych Go\u015bci. Oferujemy tak\u017ce dodatkowe us\u0142ugi, takie jak mo\u017cliwo\u015b\u0107 zam\u00f3wienia do pokoju butelki wina lub osobistego li\u015bciku, aby uczyni\u0107 pobyt wyj\u0105tkowym i dostosowanym do indywidualnych potrzeb.<\/p>\r\n\t\t\t\t\t\t\t\t\t\t\t\t\t\t\t\t\t\t\t\t\t\t\t\t\t\t\t\t\t\t\t\t<\/div>\r\n\t\t\t\t\t\t\t\t\t<\/div>\r\n\t\t\t\t\t\t\t\t<\/div>\r\n\t\t\t\t\t\t\t\t<div class=\"col-md-6 p-0 order1 animate-box\" data-animate-effect=\"fadeInRight\">\r\n\t\t\t\t\t\t\t\t\t\t\t\t\t\t\t\t\t\t\t<div class=\"img\">\r\n\t\t\t\t\t\t\t\t\t\t\t<a href=\"\"><img decoding=\"async\" src=\"https:\/\/convictus.pl\/wp-content\/uploads\/recepcja.jpg\" alt=\"\"><\/a>\r\n\t\t\t\t\t\t\t\t\t\t<\/div>\r\n\t\t\t\t\t\t\t\t\t\t\t\t\t\t\t\t\t<\/div>\r\n\t\t\t\t\t\t\t<\/div>\r\n\t\t\t\t\t\t\t\t\t\t\t\t\t\t\t<\/div>\r\n\t\t\t<\/section>\r\n\r\n\r\n\t\t\t<\/div>\n\t\t\t\t<\/div>\n\t\t\t\t\t<\/div>\n\t\t<\/div>\n\t\t\t\t\t<\/div>\n\t\t<\/section>\n\t\t\t\t<\/div>\n\t\t","protected":false},"excerpt":{"rendered":"<p>Pozosta\u0142e us\u0142ugi Udogodnienia Rozwi\u0105zania dla rodzin Dla rodzin przygotowali\u015bmy r\u00f3\u017cnorodne udogodnienia, kt\u00f3re sprawiaj\u0105, \u017ce pobyt u nas jest przyjemny i wygodny. Oferujemy k\u0105cik zabaw dla dzieci, krzese\u0142ka do karmienia oraz przestronne pokoje rodzinne. Latem na zewn\u0105trz rozstawiamy dodatkowe atrakcje, takie jak zabawki i mini boisko, kt\u00f3re zapewniaj\u0105 dzieciom mn\u00f3stwo rado\u015bci na \u015bwie\u017cym powietrzu. Parking i [&hellip;]<\/p>\n","protected":false},"author":1,"featured_media":0,"parent":7240,"menu_order":10,"comment_status":"closed","ping_status":"closed","template":"page-templates\/home.php","meta":{"inline_featured_image":false,"footnotes":"","_links_to":"","_links_to_target":""},"class_list":["post-7251","page","type-page","status-publish","hentry"],"_links":{"self":[{"href":"https:\/\/convictus.pl\/de\/wp-json\/wp\/v2\/pages\/7251","targetHints":{"allow":["GET"]}}],"collection":[{"href":"https:\/\/convictus.pl\/de\/wp-json\/wp\/v2\/pages"}],"about":[{"href":"https:\/\/convictus.pl\/de\/wp-json\/wp\/v2\/types\/page"}],"author":[{"embeddable":true,"href":"https:\/\/convictus.pl\/de\/wp-json\/wp\/v2\/users\/1"}],"replies":[{"embeddable":true,"href":"https:\/\/convictus.pl\/de\/wp-json\/wp\/v2\/comments?post=7251"}],"version-history":[{"count":1,"href":"https:\/\/convictus.pl\/de\/wp-json\/wp\/v2\/pages\/7251\/revisions"}],"predecessor-version":[{"id":7269,"href":"https:\/\/convictus.pl\/de\/wp-json\/wp\/v2\/pages\/7251\/revisions\/7269"}],"up":[{"embeddable":true,"href":"https:\/\/convictus.pl\/de\/wp-json\/wp\/v2\/pages\/7240"}],"wp:attachment":[{"href":"https:\/\/convictus.pl\/de\/wp-json\/wp\/v2\/media?parent=7251"}],"curies":[{"name":"wp","href":"https:\/\/api.w.org\/{rel}","templated":true}]}}