{"id":7243,"date":"2024-09-17T12:32:10","date_gmt":"2024-09-17T10:32:10","guid":{"rendered":"https:\/\/convictus.pl\/hotel\/pokoje\/"},"modified":"2025-05-05T23:04:40","modified_gmt":"2025-05-05T21:04:40","slug":"zimmer","status":"publish","type":"page","link":"https:\/\/convictus.pl\/de\/hotel\/zimmer\/","title":{"rendered":"Zimmer"},"content":{"rendered":"\t\t<div data-elementor-type=\"wp-page\" data-elementor-id=\"7243\" class=\"elementor elementor-7243 elementor-90\">\n\t\t\t\t\t\t<section class=\"elementor-section elementor-top-section elementor-element elementor-element-14f27ca elementor-section-full_width elementor-section-height-default elementor-section-height-default\" data-id=\"14f27ca\" data-element_type=\"section\">\n\t\t\t\t\t\t<div class=\"elementor-container elementor-column-gap-no\">\n\t\t\t\t\t<div class=\"elementor-column elementor-col-100 elementor-top-column elementor-element elementor-element-63385f2\" data-id=\"63385f2\" data-element_type=\"column\">\n\t\t\t<div class=\"elementor-widget-wrap elementor-element-populated\">\n\t\t\t\t\t\t<div class=\"elementor-element elementor-element-ffd1151 elementor-align-left elementor-widget elementor-widget-pages-banner\" data-id=\"ffd1151\" data-element_type=\"widget\" data-widget_type=\"pages-banner.default\">\n\t\t\t\t<div class=\"elementor-widget-container\">\n\t\t\t\r\n\t\t\t\t<div class=\"banner-header section-padding valign bg-img bg-fixed\" data-overlay-dark=\"4\" data-background=\"https:\/\/convictus.pl\/wp-content\/uploads\/slider-pokoje.jpeg\">\r\n\t\t\t\t\t<div class=\"container\">\r\n\t\t\t\t<div class=\"row\">\r\n\t\t\t\t\t<div class=\"col-md-12 caption mt-90\">\r\n\t\t\t\t\t\t\t\t\t\t\t\t<h5>Hotel Convictus Cracovia<\/h5>\r\n\t\t\t\t\t\t\t\t\t\t\t\t\t\t\t\t\t\t<h1>Pokoje i Apartamenty<\/h1>\r\n\t\t\t\t\t\t\t\t\t\t\t<\/div>\r\n\t\t\t\t<\/div>\r\n\t\t\t<\/div>\r\n\t\t<\/div>\r\n\r\n\t\t\t<\/div>\n\t\t\t\t<\/div>\n\t\t\t\t\t<\/div>\n\t\t<\/div>\n\t\t\t\t\t<\/div>\n\t\t<\/section>\n\t\t\t\t<section class=\"elementor-section elementor-top-section elementor-element elementor-element-a4cd1fa elementor-section-full_width elementor-section-height-default elementor-section-height-default\" data-id=\"a4cd1fa\" data-element_type=\"section\">\n\t\t\t\t\t\t<div class=\"elementor-container elementor-column-gap-no\">\n\t\t\t\t\t<div class=\"elementor-column elementor-col-100 elementor-top-column elementor-element elementor-element-211a874\" data-id=\"211a874\" data-element_type=\"column\">\n\t\t\t<div class=\"elementor-widget-wrap elementor-element-populated\">\n\t\t\t\t\t\t<div class=\"elementor-element elementor-element-03869a8 elementor-align-left elementor-widget elementor-widget-pages-room\" data-id=\"03869a8\" data-element_type=\"widget\" data-widget_type=\"pages-room.default\">\n\t\t\t\t<div class=\"elementor-widget-container\">\n\t\t\t\n\t\t<section class=\"section-padding\">\n\t\t    <div class=\"container\">\n\t\t        <div class=\"row\">\n\t\t            <div class=\"col-md-12\">\n\t                \t\t\t            <\/div>\n\t\t        <\/div>\n\t\t    <\/div>\n\t\t<\/section>\n\n\t\t\t<\/div>\n\t\t\t\t<\/div>\n\t\t\t\t\t<\/div>\n\t\t<\/div>\n\t\t\t\t\t<\/div>\n\t\t<\/section>\n\t\t\t\t<section class=\"elementor-section elementor-top-section elementor-element elementor-element-8997f2f elementor-section-full_width elementor-section-height-default elementor-section-height-default\" data-id=\"8997f2f\" data-element_type=\"section\">\n\t\t\t\t\t\t<div class=\"elementor-container elementor-column-gap-no\">\n\t\t\t\t\t<div class=\"elementor-column elementor-col-100 elementor-top-column elementor-element elementor-element-10494be\" data-id=\"10494be\" data-element_type=\"column\">\n\t\t\t<div class=\"elementor-widget-wrap elementor-element-populated\">\n\t\t\t\t\t\t<div class=\"elementor-element elementor-element-8d4a7e2 elementor-align-left elementor-widget elementor-widget-home-pricing\" data-id=\"8d4a7e2\" data-element_type=\"widget\" data-widget_type=\"home-pricing.default\">\n\t\t\t\t<div class=\"elementor-widget-container\">\n\t\t\t\r\n\t\t\t\t<section class=\"pricing section-padding bg-black\">\r\n\t\t\t \r\n\t\t\t<h2 style=\"display: none!important;\">The Cappa<\/h2>\r\n\t\t\t<div class=\"container\">\r\n\t\t\t\t<div class=\"row\">\r\n\t\t\t\t\t<div class=\"col-md-4\">\r\n\t\t\t\t\t\t\t\t\t\t\t\t<div class=\"section-subtitle\"><span>Zaplanuj sw\u00f3j pobyt<\/span><\/div>\r\n\t\t\t\t\t\t\t\t\t\t\t\t\t\t\t\t\t\t<div class=\"section-title\"><span>Oferty specjalne<\/span><\/div>\r\n\t\t\t\t\t\t\t\t\t\t\t\t\t\t\t\t\t\t<p class=\"color-2\">Zawsze mamy co\u015b wyj\u0105tkowego dla naszych Go\u015bci! Niezale\u017cnie czy planujesz romantyczny weekend, rodzinny wypad, czy d\u0142u\u017cszy pobyt biznesowy, mamy co\u015b dla Ciebie.<\/p>\n<p class=\"color-2\">Skorzystaj z naszych pakiet\u00f3w, kt\u00f3re \u0142\u0105cz\u0105 komfortowy pobyt z dodatkowymi udogodnieniami, takimi jak zni\u017cki na kolacje w restauracji Mucho Gusto czy relaks w Chill Barze. \u015aled\u017a nasze propozycje i znajd\u017a co\u015b idealnego dla siebie.<\/p>\t\t\t\t\t\t\t\t\t\t\t\t\t\t\t\t\t\t<div class=\"reservations mb-30\">\r\n\t\t\t\t\t\t\t<div class=\"icon\"><span class=\"flaticon-call\"><\/span><\/div>\r\n\t\t\t\t\t\t\t<div class=\"text\">\r\n\t\t\t\t\t\t\t\t<p class=\"color-2\">Rezerwacja<\/p><a href=\"tel:0048576805801\">+48 576 805 801<\/a>\t\t\t\t\t\t\t<\/div>\r\n\t\t\t\t\t\t<\/div>\r\n\t\t\t\t\t\t\t\t\t\t\t<\/div>\r\n\t\t\t\t\t<div class=\"col-md-8\">\r\n\t\t\t\t\t\t<div class=\"owl-carousel owl-theme\">\r\n\t\t\t\t\t\t\t\t\t\t\t\t\t\t\t<div class=\"pricing-card\">\r\n\t\t\t\t\t\t\t\t\t\t\t\t\t\t\t\t\t\t<img decoding=\"async\" src=\"https:\/\/convictus.pl\/wp-content\/uploads\/ofeta-dla-biznesu.jpg\" alt=\"\">\r\n\t\t\t\t\t\t\t\t\t\t\t\t\t\t\t\t\t\t<div class=\"desc\">\r\n\t\t\t\t\t\t\t\t\t\t\t\t\t\t\t\t\t\t\t\t<div class=\"name\">Biznes w podr\u00f3\u017cy z obiadokolacj\u0105<\/div>\r\n\t\t\t\t\t\t\t\t\t\t\t\t\t\t\t\t\t\t\t\t\t\t\t\t\t\t\t\t\t\t<div class=\"amount\">od 224,50 z\u0142 <span> \/ noc<\/span><\/div>\r\n\t\t\t\t\t\t\t\t\t\t\t\t\t\t\t\t\t\t\t\t\t\t\t\t\t\t\t\t\t\t<ul class=\"list-unstyled list\">\r\n\t\t\t\t\t\t\t\t\t\t\t<ul>\n<li><i class=\"ti-check\"><\/i> \u015aniadanie bufetowe<\/li>\n<li><i class=\"ti-check\"><\/i> Welcome drink<\/li>\n<li><i class=\"ti-check\"><\/i>Obiadokolacja<\/li>\n<\/ul>\n<div class=\"butn-dark mt-30 mb-30 animated fadeInUp text-center\"><a href=\"#oferta-specjalna\" data-offer=\"649693\" style=\"width:70%\"><span class=\"animated fadeInUp\">Poznaj ofert\u0119<\/span><\/a><\/div>\t\t\t\t\t\t\t\t\t\t<\/ul>\r\n\t\t\t\t\t\t\t\t\t\t\t\t\t\t\t\t\t\t\t<\/div>\r\n\t\t\t\t\t\t\t\t<\/div>\r\n\t\t\t\t\t\t\t\t\t\t\t\t\t\t\t<div class=\"pricing-card\">\r\n\t\t\t\t\t\t\t\t\t\t\t\t\t\t\t\t\t\t<img decoding=\"async\" src=\"https:\/\/convictus.pl\/wp-content\/uploads\/ofeta-dla-biznesu-2.jpg\" alt=\"\">\r\n\t\t\t\t\t\t\t\t\t\t\t\t\t\t\t\t\t\t<div class=\"desc\">\r\n\t\t\t\t\t\t\t\t\t\t\t\t\t\t\t\t\t\t\t\t<div class=\"name\">Biznes w podr\u00f3\u017cy &nbsp;&nbsp;&nbsp;&nbsp;&nbsp;&nbsp;&nbsp;&nbsp;&nbsp;&nbsp;&nbsp;&nbsp;&nbsp;&nbsp;&nbsp;&nbsp;&nbsp;&nbsp;&nbsp;            <\/div>\r\n\t\t\t\t\t\t\t\t\t\t\t\t\t\t\t\t\t\t\t\t\t\t\t\t\t\t\t\t\t\t<div class=\"amount\">od 204,50 z\u0142 <span> \/ noc<\/span><\/div>\r\n\t\t\t\t\t\t\t\t\t\t\t\t\t\t\t\t\t\t\t\t\t\t\t\t\t\t\t\t\t\t<ul class=\"list-unstyled list\">\r\n\t\t\t\t\t\t\t\t\t\t\t<ul>\n<li><i class=\"ti-check\"><\/i> \u015aniadanie bufetowe<\/li>\n<li><i class=\"ti-check\"><\/i> Welcome drink<\/li>\n<li><i class=\"ti-close unavailable\"><\/i>Obiadokolacja<\/li>\n<\/ul>\n<div class=\"butn-dark mt-30 mb-30 animated fadeInUp text-center\"><a href=\"#oferta-specjalne\" data-offer=\"661447\" style=\"width:70%\"><span class=\"animated fadeInUp\">Poznaj ofert\u0119<\/span><\/a><\/div>\t\t\t\t\t\t\t\t\t\t<\/ul>\r\n\t\t\t\t\t\t\t\t\t\t\t\t\t\t\t\t\t\t\t<\/div>\r\n\t\t\t\t\t\t\t\t<\/div>\r\n\t\t\t\t\t\t\t\t\t\t\t\t\t<\/div>\r\n\t\t\t\t\t<\/div>\r\n\t\t\t\t<\/div>\r\n\t\t\t<\/div>\r\n\t\t<\/section>\r\n\t\t\t<\/div>\n\t\t\t\t<\/div>\n\t\t\t\t\t<\/div>\n\t\t<\/div>\n\t\t\t\t\t<\/div>\n\t\t<\/section>\n\t\t\t\t<section class=\"elementor-section elementor-top-section elementor-element elementor-element-0765965 elementor-section-full_width elementor-section-height-default elementor-section-height-default\" data-id=\"0765965\" data-element_type=\"section\">\n\t\t\t\t\t\t<div class=\"elementor-container elementor-column-gap-no\">\n\t\t\t\t\t<div class=\"elementor-column elementor-col-100 elementor-top-column elementor-element elementor-element-e0e8682\" data-id=\"e0e8682\" data-element_type=\"column\">\n\t\t\t<div class=\"elementor-widget-wrap elementor-element-populated\">\n\t\t\t\t\t\t<div class=\"elementor-element elementor-element-a6961f1 elementor-align-left elementor-widget elementor-widget-home-testimonials-2\" data-id=\"a6961f1\" data-element_type=\"widget\" data-widget_type=\"home-testimonials-2.default\">\n\t\t\t\t<div class=\"elementor-widget-container\">\n\t\t\t\n\t\t<section class=\"testimonials\">\n\t\t\t\t\t\t<div class=\"background bg-img bg-fixed section-padding pb-0\" data-background=\"https:\/\/convictus.pl\/wp-content\/uploads\/kontakt-slider.jpeg\" data-overlay-dark=\"2\">\n\t\t\t\t\t\t\t<div class=\"container\">\n\t\t\t\t\t<div class=\"row\">\n\t\t\t\t\t\t<!-- Reservation -->\n\t\t\t\t\t\t<div class=\"col-md-5 mb-30 mt-30\">\n\t\t\t\t\t\t\t\t\t\t\t\t\t\t<p>\t\t\t\t\t\t\t\t<i class=\"star-rating\"><\/i>\n\t\t\t\t\t\t\t\t<i class=\"star-rating\"><\/i>\n\t\t\t\t\t\t\t\t<i class=\"star-rating\"><\/i>\n\t\t\t\t\t\t\t<\/p>\n\t\t\t\t\t\t\t\t\t\t\t\t\t\t\t\t\t\t\t\t\t<h5>Zarezerwuj sw\u00f3j pobyt bezpo\u015brednio u nas, a gwarantujemy najlepsz\u0105 cen\u0119! Omijaj po\u015brednik\u00f3w i ciesz si\u0119 dodatkowymi korzy\u015bciami, kt\u00f3re przygotowali\u015bmy specjalnie dla naszych Go\u015bci. U nas zarezerwujesz nie tylko nocleg, ale i wyj\u0105tkowe do\u015bwiadczenie!\n<\/h5>\n\t\t\t\t\t\t\t\t\t\t\t\t\t\t\t\t\t\t\t\t\t\t\t\t\t\t\t<\/div>\n\t\t\t\t\t\t<!-- Booking From -->\n\t\t\t\t\t\t<div class=\"col-md-5 offset-md-2\">\n\t\t\t\t\t\t\t\t\t\t\t\t\t\t<div class=\"booking-box\">\n\t\t\t\t\t\t\t\t<div class=\"head-box\">\n\t\t\t\t\t\t\t\t\t\t\t\t\t\t\t\t\t\t<h6>Pokoje i apartamenty<\/h6>\n\t\t\t\t\t\t\t\t\t\t\t\t\t\t\t\t\t\t\t\t\t\t\t\t\t\t\t<h4>Rezerwuj bezpo\u015brednio<\/h4>\n\t\t\t\t\t\t\t\t\t\t\t\t\t\t\t\t\t<\/div>\n\t\t\t\t\t\t\t\t\n\t\t\t\t\t\t\t\t<div class=\"booking-inner clearfix\">\n\t\t\t\t\t\t\t\t\t<form action=\"\" method=\"post\" class=\"form1 clearfix\" id=\"form2\">\n                                        <div class=\"row\">\n                                            <div class=\"col-md-12\">\n                                                <div class=\"input1_wrapper\">\n                                                    <label>Check in<\/label>\n                                                    <div class=\"input1_inner\">\n                                                        <input type=\"text\" name=\"check_in\" autocomplete=\"off\" class=\"form-control input datepicker check_in\" placeholder=\"Check in\">\n                                                    <\/div>\n                                                <\/div>\n                                            <\/div>\n                                            <div class=\"col-md-12\">\n                                                <div class=\"input1_wrapper\">\n                                                    <label>Check out<\/label>\n                                                    <div class=\"input1_inner\">\n                                                        <input type=\"text\" name=\"check_out\" autocomplete=\"off\" class=\"form-control input datepicker check_out\" placeholder=\"Check out\">\n                                                    <\/div>\n                                                <\/div>\n                                            <\/div>\n                                            \n                                            <div class=\"col-md-12\">\n                                                <button type=\"button\" class=\"btn-form1-submit mt-15\" id=\"btn-form2-submit\">Check availability<\/button>\n                                            <\/div>\n                                        <\/div>\n                                    <\/form>\n\t\t\t\t\t\t\t\t<\/div>\n\t\t\t\t\t\t\t\t\n\t\t\t\t\t\t\t<\/div>\n\t\t\t\t\t\t\t\t\t\t\t\t\t<\/div>\n\t\t\t\t\t<\/div>\n\t\t\t\t<\/div>\n\t\t\t<\/div>\n\t\t<\/section>\n\n\t\t\n\t\t\t<\/div>\n\t\t\t\t<\/div>\n\t\t\t\t\t<\/div>\n\t\t<\/div>\n\t\t\t\t\t<\/div>\n\t\t<\/section>\n\t\t\t\t<\/div>\n\t\t","protected":false},"excerpt":{"rendered":"<p>Hotel Convictus Cracovia Pokoje i Apartamenty Pok\u00f3j z \u0142\u00f3\u017ckiem podw\u00f3jnym Przestronny pok\u00f3j z du\u017cym \u0142\u00f3\u017ckiem, stworzony z my\u015bl\u0105 o wygodzie i relaksie. Elegancki design i funkcjonalne detale sprawiaj\u0105, \u017ce pobyt staje si\u0119 przyjemno\u015bci\u0105. 2 Osoby Dostawka Klimatyzacja Wifi Biurko do pracy Suszarka Kosmetyki Szczeg\u00f3\u0142y Zarezerwuj Pok\u00f3j z dwoma \u0142\u00f3\u017ckami pojedynczymi Przemy\u015blany design, wygodne \u0142\u00f3\u017cka i [&hellip;]<\/p>\n","protected":false},"author":1,"featured_media":0,"parent":7240,"menu_order":0,"comment_status":"closed","ping_status":"closed","template":"page-templates\/home.php","meta":{"inline_featured_image":false,"footnotes":"","_links_to":"","_links_to_target":""},"class_list":["post-7243","page","type-page","status-publish","hentry"],"_links":{"self":[{"href":"https:\/\/convictus.pl\/de\/wp-json\/wp\/v2\/pages\/7243","targetHints":{"allow":["GET"]}}],"collection":[{"href":"https:\/\/convictus.pl\/de\/wp-json\/wp\/v2\/pages"}],"about":[{"href":"https:\/\/convictus.pl\/de\/wp-json\/wp\/v2\/types\/page"}],"author":[{"embeddable":true,"href":"https:\/\/convictus.pl\/de\/wp-json\/wp\/v2\/users\/1"}],"replies":[{"embeddable":true,"href":"https:\/\/convictus.pl\/de\/wp-json\/wp\/v2\/comments?post=7243"}],"version-history":[{"count":1,"href":"https:\/\/convictus.pl\/de\/wp-json\/wp\/v2\/pages\/7243\/revisions"}],"predecessor-version":[{"id":7250,"href":"https:\/\/convictus.pl\/de\/wp-json\/wp\/v2\/pages\/7243\/revisions\/7250"}],"up":[{"embeddable":true,"href":"https:\/\/convictus.pl\/de\/wp-json\/wp\/v2\/pages\/7240"}],"wp:attachment":[{"href":"https:\/\/convictus.pl\/de\/wp-json\/wp\/v2\/media?parent=7243"}],"curies":[{"name":"wp","href":"https:\/\/api.w.org\/{rel}","templated":true}]}}