{"id":7237,"date":"2024-09-15T19:57:41","date_gmt":"2024-09-15T17:57:41","guid":{"rendered":"https:\/\/convictus.pl\/kontakt\/"},"modified":"2025-05-04T23:34:30","modified_gmt":"2025-05-04T21:34:30","slug":"kontakt","status":"publish","type":"page","link":"https:\/\/convictus.pl\/de\/kontakt\/","title":{"rendered":"Kontakt"},"content":{"rendered":"\t\t<div data-elementor-type=\"wp-page\" data-elementor-id=\"7237\" class=\"elementor elementor-7237 elementor-82\">\n\t\t\t\t\t\t<section class=\"elementor-section elementor-top-section elementor-element elementor-element-550c306 elementor-section-full_width elementor-section-height-default elementor-section-height-default\" data-id=\"550c306\" data-element_type=\"section\">\n\t\t\t\t\t\t<div class=\"elementor-container elementor-column-gap-no\">\n\t\t\t\t\t<div class=\"elementor-column elementor-col-100 elementor-top-column elementor-element elementor-element-77d1bef\" data-id=\"77d1bef\" data-element_type=\"column\">\n\t\t\t<div class=\"elementor-widget-wrap elementor-element-populated\">\n\t\t\t\t\t\t<div class=\"elementor-element elementor-element-bee56e8 elementor-align-left elementor-widget elementor-widget-pages-banner\" data-id=\"bee56e8\" data-element_type=\"widget\" data-widget_type=\"pages-banner.default\">\n\t\t\t\t<div class=\"elementor-widget-container\">\n\t\t\t\r\n\t\t\t\t<div class=\"banner-header section-padding valign bg-img bg-fixed\" data-overlay-dark=\"4\" data-background=\"https:\/\/convictus.pl\/wp-content\/uploads\/kontakt-slider.jpeg\">\r\n\t\t\t\t\t<div class=\"container\">\r\n\t\t\t\t<div class=\"row\">\r\n\t\t\t\t\t<div class=\"col-md-12 caption mt-90\">\r\n\t\t\t\t\t\t\t\t\t\t\t\t\t\t\t\t\t\t<h1>Pozosta\u0144 w kontakcie<\/h1>\r\n\t\t\t\t\t\t\t\t\t\t\t<\/div>\r\n\t\t\t\t<\/div>\r\n\t\t\t<\/div>\r\n\t\t<\/div>\r\n\r\n\t\t\t<\/div>\n\t\t\t\t<\/div>\n\t\t\t\t\t<\/div>\n\t\t<\/div>\n\t\t\t\t\t<\/div>\n\t\t<\/section>\n\t\t\t\t<section class=\"elementor-section elementor-top-section elementor-element elementor-element-966bbac elementor-section-full_width elementor-section-height-default elementor-section-height-default\" data-id=\"966bbac\" data-element_type=\"section\">\n\t\t\t\t\t\t<div class=\"elementor-container elementor-column-gap-no\">\n\t\t\t\t\t<div class=\"elementor-column elementor-col-100 elementor-top-column elementor-element elementor-element-16e36ca\" data-id=\"16e36ca\" data-element_type=\"column\">\n\t\t\t<div class=\"elementor-widget-wrap elementor-element-populated\">\n\t\t\t\t<div class=\"elementor-element elementor-element-bd806fb e-flex e-con-boxed e-con e-parent\" data-id=\"bd806fb\" data-element_type=\"container\">\n\t\t\t\t\t<div class=\"e-con-inner\">\n\t\t<div class=\"elementor-element elementor-element-09e0477 e-grid e-con-full e-con e-child\" data-id=\"09e0477\" data-element_type=\"container\">\n\t\t\t\t<div class=\"elementor-element elementor-element-1350e63 elementor-widget elementor-widget-html\" data-id=\"1350e63\" data-element_type=\"widget\" data-widget_type=\"html.default\">\n\t\t\t\t<div class=\"elementor-widget-container\">\n\t\t\t<div class=\"reservations mb-30\">\r\n\t<div class=\"icon\"><span class=\"flaticon-location-pin\"><\/span><\/div>\r\n\t<div class=\"text\">\r\n\t\t<p>Adres<\/p><a href=\"https:\/\/maps.app.goo.gl\/w116UdTzkcamvP8o9\" rel=\"nofollow noopener\">ul. \u0141ojasiewicza 2<br>30-348 Krak\u00f3w<\/a>\r\n\t<\/div>\r\n<\/div>\r\n<div class=\"reservations mb-30\">\r\n\t<div class=\"icon\"><span class=\"flaticon-call\"><\/span><\/div>\r\n\t<div class=\"text\">\r\n\t\t<p>Recepcja<\/p>\r\n\t\t<a href=\"tel:0048576805801\" rel=\"nofollow\">+48 576 805 801<\/a><br>\r\n\t\t<a href=\"mailto:reception@convictus.pl\" rel=\"nofollow\">reception@convictus.pl<\/a>\r\n\t<\/div>\r\n<\/div>\r\n<div class=\"reservations mb-30\">\r\n\t<div class=\"icon\"><span class=\"flaticon-team\"><\/span><\/div>\r\n\t<div class=\"text\">\r\n\t\t<p>Biznes i grupy<\/p>\r\n\t\t<a href=\"mailto:sales@convictus.pl\" rel=\"nofollow\">sales@convictus.pl<\/a>\r\n\t<\/div>\r\n<\/div>\r\n<div class=\"reservations mb-30\">\r\n\t<div class=\"icon\"><span class=\"flaticon-serving-dish\"><\/span><\/div>\r\n\t<div class=\"text\">\r\n\t\t<p>Imprezy okoliczno\u015bciowe i restauracja<\/p>\r\n\t\t<a href=\"mailto:restaurant@convictus.pl\" rel=\"nofollow\">restaurant@convictus.pl<\/a>\r\n\t<\/div>\r\n<\/div>\r\n<div class=\"reservations mb-30\">\r\n\t<div class=\"icon\"><span class=\"flaticon-globe\"><\/span><\/div>\r\n\t<div class=\"text\">\r\n\t\t<p>Marketing<\/p>\r\n\t\t<a href=\"mailto:marketing@convictus.pl\" rel=\"nofollow\">marketing@convictus.pl<\/a>\r\n\t<\/div>\r\n<\/div>\t\t<\/div>\n\t\t\t\t<\/div>\n\t\t\t\t<div class=\"elementor-element elementor-element-e50561d elementor-widget elementor-widget-html\" data-id=\"e50561d\" data-element_type=\"widget\" data-widget_type=\"html.default\">\n\t\t\t\t<div class=\"elementor-widget-container\">\n\t\t\t<h3>Hotel Convictus Cracovia<\/h3>\r\n<p>W naszym hotelu priorytetem jest zapewnienie komfortu, serdecznej obs\u0142ugi i przyjaznej atmosfery. Zale\u017cy nam, aby\u015bcie czuli si\u0119 jak w domu, bez wzgl\u0119du na to, czy odwiedzacie nas na kr\u00f3tki wypad, rodzinny urlop, czy podr\u00f3\u017c s\u0142u\u017cbow\u0105. Po\u0142o\u017ceni w spokojnej cz\u0119\u015bci Krakowa, w pobli\u017cu teren\u00f3w zielonych oraz malowniczego k\u0105pieliska Zakrz\u00f3wek, oferujemy doskona\u0142e po\u0142\u0105czenie miejskiej wygody z blisko\u015bci\u0105 natury.<\/p>\r\n<h3 style=\"margin-top: 2em\">Prze\u015blij wiadomo\u015b\u0107<\/h3>\r\n\n<div class=\"wpcf7 no-js\" id=\"wpcf7-f5508-o1\" lang=\"pl-PL\" dir=\"ltr\" data-wpcf7-id=\"5508\">\n<div class=\"screen-reader-response\"><p role=\"status\" aria-live=\"polite\" aria-atomic=\"true\"><\/p> <ul><\/ul><\/div>\n<form action=\"\/de\/wp-json\/wp\/v2\/pages\/7237#wpcf7-f5508-o1\" method=\"post\" class=\"wpcf7-form init\" aria-label=\"Formularz kontaktowy\" novalidate=\"novalidate\" data-status=\"init\">\n<div style=\"display: none;\">\n<input type=\"hidden\" name=\"_wpcf7\" value=\"5508\" \/>\n<input type=\"hidden\" name=\"_wpcf7_version\" value=\"6.0.4\" \/>\n<input type=\"hidden\" name=\"_wpcf7_locale\" value=\"pl_PL\" \/>\n<input type=\"hidden\" name=\"_wpcf7_unit_tag\" value=\"wpcf7-f5508-o1\" \/>\n<input type=\"hidden\" name=\"_wpcf7_container_post\" value=\"0\" \/>\n<input type=\"hidden\" name=\"_wpcf7_posted_data_hash\" value=\"\" \/>\n<\/div>\n<div class=\"row\">\n\t<div class=\"col-md-6 form-group\">\n\t\t<p><span class=\"wpcf7-form-control-wrap\" data-name=\"your-name\"><input size=\"40\" maxlength=\"400\" class=\"wpcf7-form-control wpcf7-text wpcf7-validates-as-required\" aria-required=\"true\" aria-invalid=\"false\" placeholder=\"Imi\u0119 *\" value=\"\" type=\"text\" name=\"your-name\" \/><\/span>\n\t\t<\/p>\n\t<\/div>\n\t<div class=\"col-md-6 form-group\">\n\t\t<p><span class=\"wpcf7-form-control-wrap\" data-name=\"your-email\"><input size=\"40\" maxlength=\"400\" class=\"wpcf7-form-control wpcf7-email wpcf7-validates-as-required wpcf7-text wpcf7-validates-as-email\" aria-required=\"true\" aria-invalid=\"false\" placeholder=\"Email *\" value=\"\" type=\"email\" name=\"your-email\" \/><\/span>\n\t\t<\/p>\n\t<\/div>\n\t<div class=\"col-md-6 form-group\">\n\t\t<p><span class=\"wpcf7-form-control-wrap\" data-name=\"your-phone\"><input size=\"40\" maxlength=\"400\" class=\"wpcf7-form-control wpcf7-text wpcf7-validates-as-required\" aria-required=\"true\" aria-invalid=\"false\" placeholder=\"Telefon *\" value=\"\" type=\"text\" name=\"your-phone\" \/><\/span>\n\t\t<\/p>\n\t<\/div>\n\t<div class=\"col-md-6 form-group\">\n\t\t<p><span class=\"wpcf7-form-control-wrap\" data-name=\"your-subject\"><input size=\"40\" maxlength=\"400\" class=\"wpcf7-form-control wpcf7-text wpcf7-validates-as-required\" aria-required=\"true\" aria-invalid=\"false\" placeholder=\"Tytu\u0142 *\" value=\"\" type=\"text\" name=\"your-subject\" \/><\/span>\n\t\t<\/p>\n\t<\/div>\n\t<div class=\"col-md-12 form-group\">\n\t\t<p><span class=\"wpcf7-form-control-wrap\" data-name=\"your-message\"><textarea cols=\"100\" rows=\"10\" maxlength=\"2000\" class=\"wpcf7-form-control wpcf7-textarea wpcf7-validates-as-required\" id=\"message\" aria-required=\"true\" aria-invalid=\"false\" name=\"your-message\">Wiadomo\u015b\u0107 *<\/textarea><\/span>\n\t\t<\/p>\n\t<\/div>\n\t<div class=\"col-md-12\">\n\t\t<p><input class=\"wpcf7-form-control wpcf7-submit has-spinner butn-dark\" type=\"submit\" value=\"Wy\u015blij\" \/>\n\t\t<\/p>\n\t<\/div>\n<\/div><p style=\"display: none !important;\" class=\"akismet-fields-container\" data-prefix=\"_wpcf7_ak_\"><label>&#916;<textarea name=\"_wpcf7_ak_hp_textarea\" cols=\"45\" rows=\"8\" maxlength=\"100\"><\/textarea><\/label><input type=\"hidden\" id=\"ak_js_1\" name=\"_wpcf7_ak_js\" value=\"140\"\/><script>document.getElementById( \"ak_js_1\" ).setAttribute( \"value\", ( new Date() ).getTime() );<\/script><\/p><div class=\"wpcf7-response-output\" aria-hidden=\"true\"><\/div>\n<\/form>\n<\/div>\n\t\t<\/div>\n\t\t\t\t<\/div>\n\t\t\t\t<\/div>\n\t\t\t\t\t<\/div>\n\t\t\t\t<\/div>\n\t\t\t\t\t<\/div>\n\t\t<\/div>\n\t\t\t\t\t<\/div>\n\t\t<\/section>\n\t\t\t\t<section class=\"elementor-section elementor-top-section elementor-element elementor-element-f1f8121 elementor-section-full_width elementor-section-height-default elementor-section-height-default\" data-id=\"f1f8121\" data-element_type=\"section\">\n\t\t\t\t\t\t<div class=\"elementor-container elementor-column-gap-no\">\n\t\t\t\t\t<div class=\"elementor-column elementor-col-100 elementor-top-column elementor-element elementor-element-a3de567\" data-id=\"a3de567\" data-element_type=\"column\">\n\t\t\t<div class=\"elementor-widget-wrap elementor-element-populated\">\n\t\t\t\t<div class=\"elementor-element elementor-element-64cc686 e-con-full e-flex e-con e-parent\" data-id=\"64cc686\" data-element_type=\"container\">\n\t\t\t\t<div class=\"elementor-element elementor-element-2e22d1d elementor-widget elementor-widget-google_maps\" data-id=\"2e22d1d\" data-element_type=\"widget\" data-widget_type=\"google_maps.default\">\n\t\t\t\t<div class=\"elementor-widget-container\">\n\t\t\t<style>\/*! elementor - v3.23.0 - 05-08-2024 *\/\n.elementor-widget-google_maps .elementor-widget-container{overflow:hidden}.elementor-widget-google_maps .elementor-custom-embed{line-height:0}.elementor-widget-google_maps iframe{height:300px}<\/style>\t\t<div class=\"elementor-custom-embed\">\n\t\t\t<iframe loading=\"lazy\"\n\t\t\t\t\tsrc=\"https:\/\/maps.google.com\/maps?q=ul.%20%C5%81ojasiewicza%202%2030-348%20Krak%C3%B3w&#038;t=m&#038;z=14&#038;output=embed&#038;iwloc=near\"\n\t\t\t\t\ttitle=\"ul. \u0141ojasiewicza 2 30-348 Krak\u00f3w\"\n\t\t\t\t\taria-label=\"ul. \u0141ojasiewicza 2 30-348 Krak\u00f3w\"\n\t\t\t><\/iframe>\n\t\t<\/div>\n\t\t\t\t<\/div>\n\t\t\t\t<\/div>\n\t\t\t\t<\/div>\n\t\t\t\t\t<\/div>\n\t\t<\/div>\n\t\t\t\t\t<\/div>\n\t\t<\/section>\n\t\t\t\t<section class=\"elementor-section elementor-top-section elementor-element elementor-element-dcb2798 elementor-section-full_width elementor-section-height-default elementor-section-height-default\" data-id=\"dcb2798\" data-element_type=\"section\">\n\t\t\t\t\t\t<div class=\"elementor-container elementor-column-gap-no\">\n\t\t\t\t\t<div class=\"elementor-column elementor-col-100 elementor-top-column elementor-element elementor-element-069bfee\" data-id=\"069bfee\" data-element_type=\"column\">\n\t\t\t<div class=\"elementor-widget-wrap elementor-element-populated\">\n\t\t\t\t\t\t<div class=\"elementor-element elementor-element-bdd51c8 elementor-align-left elementor-widget elementor-widget-home-testimonials-2\" data-id=\"bdd51c8\" data-element_type=\"widget\" data-widget_type=\"home-testimonials-2.default\">\n\t\t\t\t<div class=\"elementor-widget-container\">\n\t\t\t\n\t\t<section class=\"testimonials\">\n\t\t\t\t\t\t<div class=\"background bg-img bg-fixed section-padding pb-0\" data-background=\"https:\/\/convictus.pl\/wp-content\/uploads\/slider-mucho-gusto.jpg\" data-overlay-dark=\"2\">\n\t\t\t\t\t\t\t<div class=\"container\">\n\t\t\t\t\t<div class=\"row\">\n\t\t\t\t\t\t<!-- Reservation -->\n\t\t\t\t\t\t<div class=\"col-md-5 mb-30 mt-30\">\n\t\t\t\t\t\t\t\t\t\t\t\t\t\t<p>\t\t\t\t\t\t\t\t<i class=\"star-rating\"><\/i>\n\t\t\t\t\t\t\t\t<i class=\"star-rating\"><\/i>\n\t\t\t\t\t\t\t\t<i class=\"star-rating\"><\/i>\n\t\t\t\t\t\t\t\t<i class=\"star-rating\"><\/i>\n\t\t\t\t\t\t\t\t<i class=\"star-rating\"><\/i>\n\t\t\t\t\t\t\t\t<\/p>\n\t\t\t\t\t\t\t\t\t\t\t\t\t\t\t\t\t\t\t\t\t<h5>Zarezerwuj sw\u00f3j pobyt bezpo\u015brednio u nas, a gwarantujemy najlepsz\u0105 cen\u0119! Omijaj po\u015brednik\u00f3w i ciesz si\u0119 dodatkowymi korzy\u015bciami, kt\u00f3re przygotowali\u015bmy specjalnie dla naszych Go\u015bci. U nas zarezerwujesz nie tylko nocleg, ale i wyj\u0105tkowe do\u015bwiadczenie!<\/h5>\n\t\t\t\t\t\t\t\t\t\t\t\t\t\t\t\t\t\t\t\t\t<div class=\"reservations mb-30\">\n\t\t\t\t\t\t\t\t<div class=\"icon color-1\"><span class=\"flaticon-call\"><\/span><\/div>\n\t\t\t\t\t\t\t\t<div class=\"text\">\n\t\t\t\t\t\t\t\t\t<p class=\"color-1\">Rezerwacja<\/p> <a class=\"color-1\" href=\"tel:0048576805801\">+48 576 805 801<\/a>\t\t\t\t\t\t\t\t<\/div>\n\t\t\t\t\t\t\t<\/div>\n\t\t\t\t\t\t\t\t\t\t\t\t\t\t\t\t\t\t\t\t\t<p><i class=\"ti-check\"><\/i><small>Zadzwo\u0144 do nas!<\/small><\/p>\n\t\t\t\t\t\t\t\t\t\t\t\t\t<\/div>\n\t\t\t\t\t\t<!-- Booking From -->\n\t\t\t\t\t\t<div class=\"col-md-5 offset-md-2\">\n\t\t\t\t\t\t\t\t\t\t\t\t\t\t<div class=\"booking-box\">\n\t\t\t\t\t\t\t\t<div class=\"head-box\">\n\t\t\t\t\t\t\t\t\t\t\t\t\t\t\t\t\t\t\t\t\t\t\t\t\t\t\t<h4>Rezerwuj bezpo\u015brednio<\/h4>\n\t\t\t\t\t\t\t\t\t\t\t\t\t\t\t\t\t<\/div>\n\t\t\t\t\t\t\t\t\n\t\t\t\t\t\t\t\t<div class=\"booking-inner clearfix\">\n\t\t\t\t\t\t\t\t\t<form action=\"\" method=\"post\" class=\"form1 clearfix\" id=\"form2\">\n                                        <div class=\"row\">\n                                            <div class=\"col-md-12\">\n                                                <div class=\"input1_wrapper\">\n                                                    <label>Check in<\/label>\n                                                    <div class=\"input1_inner\">\n                                                        <input type=\"text\" name=\"check_in\" autocomplete=\"off\" class=\"form-control input datepicker check_in\" placeholder=\"Check in\">\n                                                    <\/div>\n                                                <\/div>\n                                            <\/div>\n                                            <div class=\"col-md-12\">\n                                                <div class=\"input1_wrapper\">\n                                                    <label>Check out<\/label>\n                                                    <div class=\"input1_inner\">\n                                                        <input type=\"text\" name=\"check_out\" autocomplete=\"off\" class=\"form-control input datepicker check_out\" placeholder=\"Check out\">\n                                                    <\/div>\n                                                <\/div>\n                                            <\/div>\n                                            \n                                            <div class=\"col-md-12\">\n                                                <button type=\"button\" class=\"btn-form1-submit mt-15\" id=\"btn-form2-submit\">Check availability<\/button>\n                                            <\/div>\n                                        <\/div>\n                                    <\/form>\n\t\t\t\t\t\t\t\t<\/div>\n\t\t\t\t\t\t\t\t\n\t\t\t\t\t\t\t<\/div>\n\t\t\t\t\t\t\t\t\t\t\t\t\t<\/div>\n\t\t\t\t\t<\/div>\n\t\t\t\t<\/div>\n\t\t\t<\/div>\n\t\t<\/section>\n\n\t\t\n\t\t\t<\/div>\n\t\t\t\t<\/div>\n\t\t\t\t\t<\/div>\n\t\t<\/div>\n\t\t\t\t\t<\/div>\n\t\t<\/section>\n\t\t\t\t<\/div>\n\t\t","protected":false},"excerpt":{"rendered":"<p>Pozosta\u0144 w kontakcie Adres ul. \u0141ojasiewicza 2 30-348 Krak\u00f3w Recepcja +48 576 805 801 reception@convictus.pl Biznes i grupy sales@convictus.pl Imprezy okoliczno\u015bciowe i restauracja restaurant@convictus.pl Marketing marketing@convictus.pl Hotel Convictus Cracovia W naszym hotelu priorytetem jest zapewnienie komfortu, serdecznej obs\u0142ugi i przyjaznej atmosfery. Zale\u017cy nam, aby\u015bcie czuli si\u0119 jak w domu, bez wzgl\u0119du na to, czy odwiedzacie [&hellip;]<\/p>\n","protected":false},"author":1,"featured_media":0,"parent":0,"menu_order":60,"comment_status":"closed","ping_status":"closed","template":"page-templates\/home.php","meta":{"inline_featured_image":false,"footnotes":"","_links_to":"","_links_to_target":""},"class_list":["post-7237","page","type-page","status-publish","hentry"],"_links":{"self":[{"href":"https:\/\/convictus.pl\/de\/wp-json\/wp\/v2\/pages\/7237","targetHints":{"allow":["GET"]}}],"collection":[{"href":"https:\/\/convictus.pl\/de\/wp-json\/wp\/v2\/pages"}],"about":[{"href":"https:\/\/convictus.pl\/de\/wp-json\/wp\/v2\/types\/page"}],"author":[{"embeddable":true,"href":"https:\/\/convictus.pl\/de\/wp-json\/wp\/v2\/users\/1"}],"replies":[{"embeddable":true,"href":"https:\/\/convictus.pl\/de\/wp-json\/wp\/v2\/comments?post=7237"}],"version-history":[{"count":1,"href":"https:\/\/convictus.pl\/de\/wp-json\/wp\/v2\/pages\/7237\/revisions"}],"predecessor-version":[{"id":7239,"href":"https:\/\/convictus.pl\/de\/wp-json\/wp\/v2\/pages\/7237\/revisions\/7239"}],"wp:attachment":[{"href":"https:\/\/convictus.pl\/de\/wp-json\/wp\/v2\/media?parent=7237"}],"curies":[{"name":"wp","href":"https:\/\/api.w.org\/{rel}","templated":true}]}}